{"id":442,"date":"2025-08-11T12:43:35","date_gmt":"2025-08-11T12:43:35","guid":{"rendered":"https:\/\/104.edukovac.xyz\/?page_id=442"},"modified":"2025-08-14T10:49:26","modified_gmt":"2025-08-14T10:49:26","slug":"naslovna-rabos-vremena","status":"publish","type":"page","link":"https:\/\/104.edukovac.xyz\/","title":{"rendered":"Rabo\u0161 vremena"},"content":{"rendered":"<p>[et_pb_section fb_built=&#8220;1&#8243; inner_shadow=&#8220;on&#8220; prev_background_color=&#8220;#ffffff&#8220; _builder_version=&#8220;4.27.4&#8243; _module_preset=&#8220;default&#8220; background_enable_color=&#8220;off&#8220; use_background_color_gradient=&#8220;on&#8220; background_color_gradient_direction=&#8220;259deg&#8220; background_color_gradient_stops=&#8220;#29c4a9 77%|#2b87da 100%&#8220; background_image=&#8220;http:\/\/104.edukovac.xyz\/wp-content\/uploads\/2025\/08\/ChatGPT-Image-1.-\u043c\u0430\u0458-2025.-14_52_44.png&#8220; custom_margin=&#8220;||||true&#8220; top_divider_style=&#8220;curve&#8220; border_radii=&#8220;off|15px|15px|15px|15px&#8220; box_shadow_style=&#8220;preset1&#8243; global_colors_info=&#8220;{}&#8220;][et_pb_row _builder_version=&#8220;4.27.4&#8243; _module_preset=&#8220;default&#8220; animation_style=&#8220;slide&#8220; global_colors_info=&#8220;{}&#8220;][et_pb_column type=&#8220;4_4&#8243; _builder_version=&#8220;4.27.4&#8243; _module_preset=&#8220;default&#8220; custom_padding=&#8220;||||true&#8220; animation_style=&#8220;slide&#8220; border_radii=&#8220;off|20px|20px|20px|20px&#8220; border_width_all=&#8220;1px&#8220; border_color_all=&#8220;#8F8F8F&#8220; box_shadow_style=&#8220;preset1&#8243; box_shadow_horizontal=&#8220;-14px&#8220; box_shadow_vertical=&#8220;-10px&#8220; box_shadow_spread=&#8220;-2px&#8220; global_colors_info=&#8220;{}&#8220;][et_pb_slider show_image_video_mobile=&#8220;on&#8220; use_bg_overlay=&#8220;on&#8220; use_text_overlay=&#8220;on&#8220; text_border_radius=&#8220;16px&#8220; _builder_version=&#8220;4.27.4&#8243; _module_preset=&#8220;default&#8220; header_font=&#8220;|700|||||||&#8220; header_font_size=&#8220;36px&#8220; header_line_height=&#8220;1.1em&#8220; body_font_size=&#8220;19px&#8220; background_enable_color=&#8220;off&#8220; background_image=&#8220;http:\/\/104.edukovac.xyz\/wp-content\/uploads\/2025\/08\/IMG_20240714_193241-scaled.jpg&#8220; custom_margin=&#8220;||||true&#8220; animation_style=&#8220;slide&#8220; auto=&#8220;on&#8220; auto_ignore_hover=&#8220;on&#8220; link_option_url=&#8220;https:\/\/www.instagram.com\/&#8220; link_option_url_new_window=&#8220;on&#8220; hover_enabled=&#8220;0&#8243; box_shadow_style=&#8220;preset1&#8243; global_colors_info=&#8220;{}&#8220; sticky_enabled=&#8220;0&#8243;][et_pb_slide heading=&#8220;Otkrijte skrivena znanja kroz istra\u017eivanje pisane re\u010di &#8220; button_text=&#8220;Pridru\u017eite se sada&#8220; url_new_window=&#8220;on&#8220; image=&#8220;http:\/\/104.edukovac.xyz\/wp-content\/uploads\/2025\/08\/0-d3f24c6b-7f68-4aed-9bf1-f82cb0881d00-2048&#215;1200.jpg&#8220; use_bg_overlay=&#8220;off&#8220; use_text_overlay=&#8220;on&#8220; arrows_custom_color=&#8220;#FFFFFF&#8220; dot_nav_custom_color=&#8220;#D6D6D6&#8243; _builder_version=&#8220;4.27.4&#8243; _module_preset=&#8220;default&#8220; header_level=&#8220;h5&#8243; header_font=&#8220;&#8211;et_global_heading_font|700|||||||&#8220; body_font=&#8220;&#8211;et_global_body_font|300|||||||&#8220; body_text_color=&#8220;#FFFFFF&#8220; background_color=&#8220;RGBA(66,37,0,0.67)&#8220; background_enable_color=&#8220;on&#8220; custom_button=&#8220;on&#8220; button_bg_color=&#8220;#6B6B6B&#8220; button_border_width=&#8220;3px&#8220; button_border_radius=&#8220;21px&#8220; button_use_icon=&#8220;on&#8220; button_icon=&#8220;&#x24;||divi||400&#8243; button_alignment=&#8220;right&#8220; text_orientation=&#8220;left&#8220; width=&#8220;100%&#8220; max_width=&#8220;94%&#8220; custom_padding=&#8220;||||true|true&#8220; filter_saturate=&#8220;97%&#8220; filter_brightness=&#8220;102%&#8220; child_filter_hue_rotate=&#8220;9deg&#8220; child_filter_saturate=&#8220;82%&#8220; child_filter_brightness=&#8220;106%&#8220; child_filter_contrast=&#8220;97%&#8220; child_filter_invert=&#8220;12%&#8220; link_option_url=&#8220;https:\/\/www.instagram.com\/&#8220; hover_enabled=&#8220;0&#8243; header_text_shadow_style=&#8220;preset3&#8243; border_radii_image=&#8220;off|20px|20px|20px|20px&#8220; border_width_all_image=&#8220;3px&#8220; border_color_all_image=&#8220;#6B6B6B&#8220; border_color_right_image=&#8220;#6B6B6B&#8220; box_shadow_style_image=&#8220;preset1&#8243; box_shadow_horizontal_image=&#8220;-14px&#8220; box_shadow_color_image=&#8220;#242424&#8243; text_shadow_style=&#8220;preset2&#8243; text_shadow_horizontal_length=&#8220;-0.37em&#8220; text_shadow_vertical_length=&#8220;-0.28em&#8220; text_shadow_blur_strength=&#8220;0.31em&#8220; text_shadow_color=&#8220;#6B6B6B&#8220; global_colors_info=&#8220;{}&#8220; sticky_transition=&#8220;on&#8220; header_font_size=&#8220;36px&#8220; header_line_height=&#8220;1em&#8220; body_font_size=&#8220;17px&#8220; body_letter_spacing=&#8220;2px&#8220; button_text_size=&#8220;14px&#8220; sticky_enabled=&#8220;0&#8243;]<\/p>\n<p>Na\u0161a platforma nudi inovativne resurse koji \u0107e vam pomo\u0107i da unapredite svoje ve\u0161tine i znanje. Pridru\u017eite se zajednici koja inspiri\u0161e i motivi\u0161e na svakom koraku.<\/p>\n<p>[\/et_pb_slide][et_pb_slide heading=&#8220;Umetnost stvaraju i \u010dovek i priroda&#8220; button_text=&#8220;Pridru\u017eite se &#8220; button_link=&#8220;https:\/\/www.instagram.com\/&#8220; url_new_window=&#8220;on&#8220; image=&#8220;http:\/\/104.edukovac.xyz\/wp-content\/uploads\/2025\/08\/0-68ace381-51ca-45b9-8220-e76791c1ae2a-1024&#215;1024.jpg&#8220; use_bg_overlay=&#8220;off&#8220; use_text_overlay=&#8220;on&#8220; text_overlay_color=&#8220;#FFFFFF&#8220; arrows_custom_color=&#8220;#000000&#8243; dot_nav_custom_color=&#8220;#000000&#8243; _builder_version=&#8220;4.27.4&#8243; _module_preset=&#8220;default&#8220; header_font=&#8220;&#8211;et_global_heading_font|700|||||||&#8220; background_color=&#8220;#C1CB67&#8243; background_enable_color=&#8220;on&#8220; use_background_color_gradient=&#8220;on&#8220; background_color_gradient_stops=&#8220;#29c4a9 14%|#2b87da 76%&#8220; background_image=&#8220;http:\/\/104.edukovac.xyz\/wp-content\/uploads\/2025\/08\/ChatGPT-Image-1.-\u043c\u0430\u0458-2025.-14_52_44.png&#8220; background_enable_image=&#8220;on&#8220; custom_button=&#8220;on&#8220; button_text_size=&#8220;14px&#8220; button_text_color=&#8220;#FFFFFF&#8220; button_bg_color=&#8220;#6B6B6B&#8220; button_border_width=&#8220;4px&#8220; button_border_color=&#8220;#000000&#8243; button_border_radius=&#8220;25px&#8220; button_font=&#8220;|600|||||||&#8220; button_use_icon=&#8220;on&#8220; button_icon=&#8220;&#x24;||divi||400&#8243; background_layout=&#8220;light&#8220; child_filter_hue_rotate=&#8220;315deg&#8220; child_filter_saturate=&#8220;66%&#8220; child_filter_brightness=&#8220;128%&#8220; child_filter_contrast=&#8220;113%&#8220; hover_enabled=&#8220;0&#8243; border_radii_image=&#8220;off|49px|49px|49px|49px&#8220; border_width_all_image=&#8220;2px&#8220; border_color_all_image=&#8220;#847105&#8243; box_shadow_style_image=&#8220;preset1&#8243; box_shadow_horizontal_image=&#8220;-22px&#8220; box_shadow_vertical_image=&#8220;1px&#8220; box_shadow_blur_image=&#8220;24px&#8220; box_shadow_spread_image=&#8220;-2px&#8220; box_shadow_color_image=&#8220;#FFFFFF&#8220; text_shadow_style=&#8220;preset1&#8243; text_shadow_horizontal_length=&#8220;-0.23em&#8220; text_shadow_color=&#8220;#FFFFFF&#8220; global_colors_info=&#8220;{}&#8220; sticky_transition=&#8220;on&#8220; sticky_enabled=&#8220;0&#8243; body_font=&#8220;&#8211;et_global_body_font||||||||&#8220; body_letter_spacing=&#8220;2px&#8220; body_line_height=&#8220;1.1em&#8220; button_letter_spacing=&#8220;1px&#8220; button_icon_placement=&#8220;left&#8220; button_alignment=&#8220;center&#8220; box_shadow_style_button=&#8220;preset1&#8243;]<\/p>\n<p>U svetu gde se kreativnost susre\u0107e sa prirodom, svaka ideja postaje umetni\u010dko delo. Istra\u017eujte kako elementi prirode inspiri\u0161u umetnike i oblikuju na\u0161e percepcije. Na\u0161a platforma vas poziva da istra\u017eite nove horizonte umetnosti i otkrijete kako svaka boja, oblik i zvuk mogu postati deo va\u0161eg stvarala\u010dkog procesa. Uklju\u010dite se u dinami\u010dne diskusije i delite svoja iskustva sa drugim entuzijastima.<\/p>\n<p>[\/et_pb_slide][\/et_pb_slider][\/et_pb_column][\/et_pb_row][et_pb_row column_structure=&#8220;1_2,1_2&#8243; use_custom_gutter=&#8220;on&#8220; gutter_width=&#8220;2&#8243; make_equal=&#8220;on&#8220; _builder_version=&#8220;4.27.4&#8243; _module_preset=&#8220;default&#8220; width=&#8220;100%&#8220; max_width=&#8220;984px&#8220; module_alignment=&#8220;center&#8220; min_height=&#8220;221px&#8220; height=&#8220;747px&#8220; custom_margin=&#8220;||||false&#8220; custom_padding=&#8220;||||true|false&#8220; animation_style=&#8220;slide&#8220; hover_enabled=&#8220;0&#8243; border_radii=&#8220;on|14px|14px|14px|14px&#8220; border_color_all=&#8220;#8F8F8F&#8220; box_shadow_style=&#8220;preset1&#8243; global_colors_info=&#8220;{}&#8220; sticky_enabled=&#8220;0&#8243;][et_pb_column type=&#8220;1_2&#8243; _builder_version=&#8220;4.27.4&#8243; _module_preset=&#8220;default&#8220; global_colors_info=&#8220;{}&#8220;][et_pb_text _builder_version=&#8220;4.27.4&#8243; _module_preset=&#8220;default&#8220; text_font=&#8220;&#8211;et_global_body_font|800|||||||&#8220; text_font_size=&#8220;15px&#8220; header_text_align=&#8220;right&#8220; background_enable_color=&#8220;off&#8220; background_enable_image=&#8220;off&#8220; parallax=&#8220;on&#8220; background_blend=&#8220;color&#8220; text_orientation=&#8220;center&#8220; animation_style=&#8220;slide&#8220; hover_enabled=&#8220;0&#8243; text_text_shadow_style=&#8220;preset3&#8243; text_text_shadow_color=&#8220;#FFFFFF&#8220; border_radii=&#8220;off|14px|14px|14px|14px&#8220; border_width_all=&#8220;3px&#8220; box_shadow_style=&#8220;preset1&#8243; global_colors_info=&#8220;{}&#8220; text_letter_spacing=&#8220;1px&#8220; box_shadow_horizontal=&#8220;-37px&#8220; box_shadow_spread=&#8220;3px&#8220; sticky_enabled=&#8220;0&#8243;]<\/p>\n<p>&nbsp;<\/p>\n<p>&nbsp;<\/p>\n<p>Umetnost je odraz razvoja svake civilizacije<\/p>\n<p>&nbsp;<\/p>\n<p>U svetu umetnosti, knji\u017eevnost deluje kao svetionik koji osvetljava na\u0161e unutra\u0161nje misli i emocije, dok digitalni svet pru\u017ea neograni\u010dene mogu\u0107nost<strong><em>i<\/em><\/strong> za kreativno izra\u017eavanje.<\/p>\n<p>&nbsp;<\/p>\n<p>&nbsp;<\/p>\n<p>&nbsp;<\/p>\n<p>Na\u0161a platforma, eduka, je mesto gde se susre\u0107u re\u010di, slike i zvukovi, omogu\u0107avaju\u0107i vam da istra\u017eujete razli\u010dite forme umetni\u010dkog stvarala\u0161tva.<\/p>\n<p>&nbsp;<\/p>\n<p>&nbsp;<\/p>\n<p>&nbsp;<\/p>\n<p>&nbsp;<\/p>\n<p>&nbsp;<\/p>\n<p>&nbsp;<\/p>\n<p>Bilo da ste pisac, slikar, muzi\u010dar ili digitalni umetnik, ovde \u0107ete prona\u0107i inspiraciju i podr\u0161ku zajednice koja deli va\u0161u strast.<\/p>\n<p>&nbsp;<\/p>\n<p>&nbsp;<\/p>\n<p>&nbsp;<\/p>\n<p>&nbsp;<\/p>\n<p>Otkrijte kako kreativni proces obuhvata sve aspekte ljudskog izra\u017eavanja i kako vas povezivanje sa drugima mo\u017ee podsta\u0107i na nove ideje i projekte.<\/p>\n<p>Pridru\u017eite se nama i zajedno oblikujmo budu\u0107nost umetnosti.<\/p>\n<p>&nbsp;<\/p>\n<p>&nbsp;<\/p>\n<p>&nbsp;<\/p>\n<p>[\/et_pb_text][\/et_pb_column][et_pb_column type=&#8220;1_2&#8243; _builder_version=&#8220;4.27.4&#8243; _module_preset=&#8220;default&#8220; global_colors_info=&#8220;{}&#8220;][et_pb_image src=&#8220;http:\/\/104.edukovac.xyz\/wp-content\/uploads\/2025\/06\/ChatGPT-Image-1.-\u0458\u0443\u043d-2025.-07_04_45.png&#8220; title_text=&#8220;ChatGPT Image 1. \u0458\u0443\u043d 2025. 07_04_45&#8243; _builder_version=&#8220;4.27.4&#8243; _module_preset=&#8220;default&#8220; custom_margin=&#8220;||||true&#8220; custom_padding=&#8220;||||true&#8220; animation_style=&#8220;slide&#8220; hover_enabled=&#8220;0&#8243; border_width_all=&#8220;3px&#8220; box_shadow_style=&#8220;preset1&#8243; global_colors_info=&#8220;{}&#8220; align=&#8220;right&#8220; module_alignment=&#8220;right&#8220; border_radii=&#8220;on|13px|13px|13px|13px&#8220; box_shadow_blur=&#8220;22px&#8220; sticky_enabled=&#8220;0&#8243;][\/et_pb_image][\/et_pb_column][\/et_pb_row][et_pb_row _builder_version=&#8220;4.27.4&#8243; _module_preset=&#8220;default&#8220; global_colors_info=&#8220;{}&#8220;][et_pb_column type=&#8220;4_4&#8243; _builder_version=&#8220;4.27.4&#8243; _module_preset=&#8220;default&#8220; global_colors_info=&#8220;{}&#8220;][\/et_pb_column][\/et_pb_row][\/et_pb_section]<\/p>\n","protected":false},"excerpt":{"rendered":"<p>Na\u0161a platforma nudi inovativne resurse koji \u0107e vam pomo\u0107i da unapredite svoje ve\u0161tine i znanje. Pridru\u017eite se zajednici koja inspiri\u0161e i motivi\u0161e na svakom koraku.U svetu gde se kreativnost susre\u0107e sa prirodom, svaka ideja postaje umetni\u010dko delo. Istra\u017eujte kako elementi prirode inspiri\u0161u umetnike i oblikuju na\u0161e percepcije. Na\u0161a platforma vas poziva da istra\u017eite nove horizonte [&hellip;]<\/p>\n","protected":false},"author":1,"featured_media":0,"parent":0,"menu_order":0,"comment_status":"closed","ping_status":"closed","template":"","meta":{"_et_pb_use_builder":"on","_et_pb_old_content":"","_et_gb_content_width":"","footnotes":""},"class_list":["post-442","page","type-page","status-publish","hentry"],"_links":{"self":[{"href":"https:\/\/104.edukovac.xyz\/index.php\/wp-json\/wp\/v2\/pages\/442","targetHints":{"allow":["GET"]}}],"collection":[{"href":"https:\/\/104.edukovac.xyz\/index.php\/wp-json\/wp\/v2\/pages"}],"about":[{"href":"https:\/\/104.edukovac.xyz\/index.php\/wp-json\/wp\/v2\/types\/page"}],"author":[{"embeddable":true,"href":"https:\/\/104.edukovac.xyz\/index.php\/wp-json\/wp\/v2\/users\/1"}],"replies":[{"embeddable":true,"href":"https:\/\/104.edukovac.xyz\/index.php\/wp-json\/wp\/v2\/comments?post=442"}],"version-history":[{"count":9,"href":"https:\/\/104.edukovac.xyz\/index.php\/wp-json\/wp\/v2\/pages\/442\/revisions"}],"predecessor-version":[{"id":623,"href":"https:\/\/104.edukovac.xyz\/index.php\/wp-json\/wp\/v2\/pages\/442\/revisions\/623"}],"wp:attachment":[{"href":"https:\/\/104.edukovac.xyz\/index.php\/wp-json\/wp\/v2\/media?parent=442"}],"curies":[{"name":"wp","href":"https:\/\/api.w.org\/{rel}","templated":true}]}}