{"id":484,"date":"2025-08-12T12:20:36","date_gmt":"2025-08-12T12:20:36","guid":{"rendered":"https:\/\/104.edukovac.xyz\/?page_id=484"},"modified":"2025-08-12T16:27:38","modified_gmt":"2025-08-12T16:27:38","slug":"kontakt","status":"publish","type":"page","link":"https:\/\/104.edukovac.xyz\/index.php\/kontakt\/","title":{"rendered":"Kontakt"},"content":{"rendered":"<p>[et_pb_section fb_built=&#8220;1&#8243; admin_label=&#8220;Header&#8220; _builder_version=&#8220;4.27.4&#8243; _module_preset=&#8220;default&#8220; background_color=&#8220;#D6D6D6&#8243; custom_padding=&#8220;||40px||false|false&#8220; locked=&#8220;off&#8220; collapsed=&#8220;on&#8220; global_colors_info=&#8220;{%22gcid-e428b4a0-8f75-478b-bc91-d4c919946667%22:%91%22background_color%22%93}&#8220;][et_pb_row _builder_version=&#8220;4.27.4&#8243; _module_preset=&#8220;default&#8220; background_color=&#8220;gcid-dc7481a9-d70d-4c29-b152-17b0ba30940e&#8220; custom_padding=&#8220;0px||0px||true|false&#8220; hover_enabled=&#8220;0&#8243; box_shadow_style=&#8220;preset4&#8243; box_shadow_horizontal=&#8220;40px&#8220; box_shadow_vertical=&#8220;40px&#8220; box_shadow_color=&#8220;gcid-39c39fce-5264-4a4c-9266-982a8a79f610&#8243; global_colors_info=&#8220;{%22gcid-39c39fce-5264-4a4c-9266-982a8a79f610%22:%91%22box_shadow_color%22%93,%22gcid-dc7481a9-d70d-4c29-b152-17b0ba30940e%22:%91%22background_color%22%93}&#8220; sticky_enabled=&#8220;0&#8243;][et_pb_column type=&#8220;4_4&#8243; disabled_on=&#8220;on|off|off&#8220; _builder_version=&#8220;4.27.4&#8243; _module_preset=&#8220;default&#8220; custom_padding=&#8220;60px|8vw|60px|8vw|true|true&#8220; custom_padding_tablet=&#8220;30px|8vw|30px|8vw|true|true&#8220; custom_padding_phone=&#8220;30px||30px||true|true&#8220; custom_padding_last_edited=&#8220;on|tablet&#8220; animation_style=&#8220;slide&#8220; box_shadow_style=&#8220;preset4&#8243; box_shadow_horizontal=&#8220;20px&#8220; box_shadow_vertical=&#8220;20px&#8220; box_shadow_color=&#8220;gcid-e428b4a0-8f75-478b-bc91-d4c919946667&#8243; global_colors_info=&#8220;{%22gcid-e428b4a0-8f75-478b-bc91-d4c919946667%22:%91%22box_shadow_color%22%93}&#8220;][et_pb_text _builder_version=&#8220;4.27.4&#8243; _module_preset=&#8220;84f02199-4138-4082-ab77-7df57794d926&#8243; text_font=&#8220;|800|||||||&#8220; text_font_size=&#8220;22px&#8220; text_letter_spacing=&#8220;1px&#8220; text_line_height=&#8220;1.8em&#8220; header_text_color=&#8220;gcid-9d0cae7c-074f-4d45-9577-f64cb1aa2c6b&#8220; text_orientation=&#8220;center&#8220; custom_margin=&#8220;||10px||false|false&#8220; animation_style=&#8220;slide&#8220; text_text_shadow_style=&#8220;preset5&#8243; border_radii=&#8220;off||||&#8220; global_colors_info=&#8220;{%22gcid-9d0cae7c-074f-4d45-9577-f64cb1aa2c6b%22:%91%22header_text_color%22%93}&#8220;]<\/p>\n<p>Kontaktirajte nas<\/p>\n<p>[\/et_pb_text][et_pb_text _builder_version=&#8220;4.27.4&#8243; _module_preset=&#8220;7d32c2a4-1033-4fc2-891e-137e8f07c2b6&#8243; text_text_color=&#8220;gcid-9d0cae7c-074f-4d45-9577-f64cb1aa2c6b&#8220; text_orientation=&#8220;center&#8220; global_colors_info=&#8220;{%22gcid-9d0cae7c-074f-4d45-9577-f64cb1aa2c6b%22:%91%22text_text_color%22%93}&#8220;]<\/p>\n<p>Kreativnost mora da ima potporu da bi za\u017eivela<\/p>\n<p>[\/et_pb_text][et_pb_contact_form email=&#8220;rabosvremena@ gmejl.com&#8220; title=&#8220;Za vi\u0161e informacija pi\u0161ite nam&#8220; success_message=&#8220; uspe\u0161no poslato&#8220; _builder_version=&#8220;4.27.4&#8243; _module_preset=&#8220;75d00fe6-fcd0-4201-85fc-c7d2c3a3e237&#8243; background_color=&#8220;#D6D6D6&#8243; button_bg_color=&#8220;#8F8F8F&#8220; button_border_width=&#8220;3px&#8220; button_border_color=&#8220;#FFFFFF&#8220; button_border_radius=&#8220;25px&#8220; button_icon=&#8220;&#x24;||divi||400&#8243; hover_enabled=&#8220;0&#8243; locked=&#8220;off&#8220; global_colors_info=&#8220;{%22gcid-93e3f830-9462-456c-bf95-d424ca32e812%22:%91%22form_field_text_color%22,%22border_color_all%22%93}&#8220; sticky_enabled=&#8220;0&#8243;][et_pb_contact_field field_id=&#8220;Name&#8220; field_title=&#8220;Ime i prezime&#8220; min_length=&#8220;7&#8243; max_length=&#8220;29&#8243; fullwidth_field=&#8220;on&#8220; _builder_version=&#8220;4.27.4&#8243; _module_preset=&#8220;default&#8220; form_field_background_color=&#8220;#8F8F8F&#8220; form_field_text_color=&#8220;#FFFFFF&#8220; form_field_focus_background_color=&#8220;#D6D6D6&#8243; form_field_focus_text_color=&#8220;#000000&#8243; text_orientation=&#8220;left&#8220; hover_enabled=&#8220;0&#8243; border_radii=&#8220;off|19px|19px|19px|19px&#8220; border_color_all=&#8220;#D6D6D6&#8243; box_shadow_style=&#8220;preset1&#8243; global_colors_info=&#8220;{}&#8220; button_text_size__hover_enabled=&#8220;off&#8220; button_one_text_size__hover_enabled=&#8220;off&#8220; button_two_text_size__hover_enabled=&#8220;off&#8220; button_text_color__hover_enabled=&#8220;off&#8220; button_one_text_color__hover_enabled=&#8220;off&#8220; button_two_text_color__hover_enabled=&#8220;off&#8220; button_border_width__hover_enabled=&#8220;off&#8220; button_one_border_width__hover_enabled=&#8220;off&#8220; button_two_border_width__hover_enabled=&#8220;off&#8220; button_border_color__hover_enabled=&#8220;off&#8220; button_one_border_color__hover_enabled=&#8220;off&#8220; button_two_border_color__hover_enabled=&#8220;off&#8220; button_border_radius__hover_enabled=&#8220;off&#8220; button_one_border_radius__hover_enabled=&#8220;off&#8220; button_two_border_radius__hover_enabled=&#8220;off&#8220; button_letter_spacing__hover_enabled=&#8220;off&#8220; button_one_letter_spacing__hover_enabled=&#8220;off&#8220; button_two_letter_spacing__hover_enabled=&#8220;off&#8220; button_bg_color__hover_enabled=&#8220;off&#8220; button_one_bg_color__hover_enabled=&#8220;off&#8220; button_two_bg_color__hover_enabled=&#8220;off&#8220; box_shadow_horizontal=&#8220;-15px&#8220; box_shadow_vertical=&#8220;-14px&#8220; box_shadow_spread=&#8220;-4px&#8220; border_width_all=&#8220;4px&#8220; border_style_all=&#8220;ridge&#8220; sticky_enabled=&#8220;0&#8243;][\/et_pb_contact_field][et_pb_contact_field field_id=&#8220;Email&#8220; field_title=&#8220;Imejl adresa&#8220; field_type=&#8220;email&#8220; fullwidth_field=&#8220;on&#8220; _builder_version=&#8220;4.27.4&#8243; _module_preset=&#8220;default&#8220; form_field_background_color=&#8220;#8F8F8F&#8220; form_field_text_color=&#8220;#FFFFFF&#8220; form_field_focus_background_color=&#8220;#D6D6D6&#8243; form_field_focus_text_color=&#8220;#000000&#8243; text_orientation=&#8220;left&#8220; border_radii=&#8220;off|19px|19px|19px|19px&#8220; border_color_all=&#8220;#D6D6D6&#8243; box_shadow_style=&#8220;preset1&#8243; global_colors_info=&#8220;{}&#8220; button_text_size__hover_enabled=&#8220;off&#8220; button_one_text_size__hover_enabled=&#8220;off&#8220; button_two_text_size__hover_enabled=&#8220;off&#8220; button_text_color__hover_enabled=&#8220;off&#8220; button_one_text_color__hover_enabled=&#8220;off&#8220; button_two_text_color__hover_enabled=&#8220;off&#8220; button_border_width__hover_enabled=&#8220;off&#8220; button_one_border_width__hover_enabled=&#8220;off&#8220; button_two_border_width__hover_enabled=&#8220;off&#8220; button_border_color__hover_enabled=&#8220;off&#8220; button_one_border_color__hover_enabled=&#8220;off&#8220; button_two_border_color__hover_enabled=&#8220;off&#8220; button_border_radius__hover_enabled=&#8220;off&#8220; button_one_border_radius__hover_enabled=&#8220;off&#8220; button_two_border_radius__hover_enabled=&#8220;off&#8220; button_letter_spacing__hover_enabled=&#8220;off&#8220; button_one_letter_spacing__hover_enabled=&#8220;off&#8220; button_two_letter_spacing__hover_enabled=&#8220;off&#8220; button_bg_color__hover_enabled=&#8220;off&#8220; button_one_bg_color__hover_enabled=&#8220;off&#8220; button_two_bg_color__hover_enabled=&#8220;off&#8220; box_shadow_horizontal=&#8220;-15px&#8220; box_shadow_vertical=&#8220;-14px&#8220; box_shadow_spread=&#8220;-4px&#8220; border_width_all=&#8220;4px&#8220; border_style_all=&#8220;ridge&#8220;][\/et_pb_contact_field][et_pb_contact_field field_id=&#8220;Message&#8220; field_title=&#8220;Poruka&#8220; field_type=&#8220;text&#8220; fullwidth_field=&#8220;on&#8220; _builder_version=&#8220;4.27.4&#8243; _module_preset=&#8220;default&#8220; form_field_background_color=&#8220;#8F8F8F&#8220; form_field_text_color=&#8220;#FFFFFF&#8220; form_field_focus_background_color=&#8220;#D6D6D6&#8243; form_field_focus_text_color=&#8220;#000000&#8243; text_orientation=&#8220;left&#8220; border_radii=&#8220;off|19px|19px|19px|19px&#8220; border_color_all=&#8220;#D6D6D6&#8243; box_shadow_style=&#8220;preset1&#8243; global_colors_info=&#8220;{}&#8220; button_text_size__hover_enabled=&#8220;off&#8220; button_one_text_size__hover_enabled=&#8220;off&#8220; button_two_text_size__hover_enabled=&#8220;off&#8220; button_text_color__hover_enabled=&#8220;off&#8220; button_one_text_color__hover_enabled=&#8220;off&#8220; button_two_text_color__hover_enabled=&#8220;off&#8220; button_border_width__hover_enabled=&#8220;off&#8220; button_one_border_width__hover_enabled=&#8220;off&#8220; button_two_border_width__hover_enabled=&#8220;off&#8220; button_border_color__hover_enabled=&#8220;off&#8220; button_one_border_color__hover_enabled=&#8220;off&#8220; button_two_border_color__hover_enabled=&#8220;off&#8220; button_border_radius__hover_enabled=&#8220;off&#8220; button_one_border_radius__hover_enabled=&#8220;off&#8220; button_two_border_radius__hover_enabled=&#8220;off&#8220; button_letter_spacing__hover_enabled=&#8220;off&#8220; button_one_letter_spacing__hover_enabled=&#8220;off&#8220; button_two_letter_spacing__hover_enabled=&#8220;off&#8220; button_bg_color__hover_enabled=&#8220;off&#8220; button_one_bg_color__hover_enabled=&#8220;off&#8220; button_two_bg_color__hover_enabled=&#8220;off&#8220; box_shadow_horizontal=&#8220;-15px&#8220; box_shadow_vertical=&#8220;-14px&#8220; box_shadow_spread=&#8220;-4px&#8220; border_width_all=&#8220;4px&#8220; border_style_all=&#8220;ridge&#8220;][\/et_pb_contact_field][\/et_pb_contact_form][\/et_pb_column][\/et_pb_row][\/et_pb_section][et_pb_section fb_built=&#8220;1&#8243; admin_label=&#8220;Contact Info&#8220; _builder_version=&#8220;4.22.0&#8243; _module_preset=&#8220;default&#8220; background_color=&#8220;gcid-e428b4a0-8f75-478b-bc91-d4c919946667&#8243; collapsed=&#8220;on&#8220; global_colors_info=&#8220;{%22gcid-e428b4a0-8f75-478b-bc91-d4c919946667%22:%91%22background_color%22%93}&#8220;][et_pb_row column_structure=&#8220;1_3,1_3,1_3&#8243; _builder_version=&#8220;4.22.0&#8243; _module_preset=&#8220;default&#8220; global_colors_info=&#8220;{}&#8220;][et_pb_column type=&#8220;1_3&#8243; _builder_version=&#8220;4.22.0&#8243; _module_preset=&#8220;default&#8220; global_colors_info=&#8220;{}&#8220;][et_pb_icon font_icon=&#8220;&#xf5eb;||fa||900&#8243; icon_color=&#8220;#FFFFFF&#8220; icon_width=&#8220;24px&#8220; align=&#8220;left&#8220; _builder_version=&#8220;4.22.0&#8243; _module_preset=&#8220;default&#8220; background_color=&#8220;gcid-9d0cae7c-074f-4d45-9577-f64cb1aa2c6b&#8220; custom_padding=&#8220;12px|12px|12px|12px|true|true&#8220; border_radii=&#8220;on|100px|100px|100px|100px&#8220; global_colors_info=&#8220;{%22gcid-9d0cae7c-074f-4d45-9577-f64cb1aa2c6b%22:%91%22background_color%22%93}&#8220;][\/et_pb_icon][et_pb_text _builder_version=&#8220;4.27.4&#8243; _module_preset=&#8220;a1ee562b-3369-4d07-b08d-9aabdb3b20fd&#8220; global_colors_info=&#8220;{}&#8220;]<\/p>\n<h4>Adresa<\/h4>\n<p>[\/et_pb_text][et_pb_text _builder_version=&#8220;4.27.4&#8243; _module_preset=&#8220;e506c63d-3367-4473-98bd-d98baff02a9f&#8220; text_text_color=&#8220;#000000&#8243; link_text_color=&#8220;#FFFFFF&#8220; global_colors_info=&#8220;{}&#8220;]<\/p>\n<p>\u00a0Beograd Vo\u017edovac<\/p>\n<p>[\/et_pb_text][\/et_pb_column][et_pb_column type=&#8220;1_3&#8243; _builder_version=&#8220;4.22.0&#8243; _module_preset=&#8220;default&#8220; global_colors_info=&#8220;{}&#8220;][et_pb_icon font_icon=&#8220;&#xf2b6;||fa||900&#8243; icon_color=&#8220;#FFFFFF&#8220; icon_width=&#8220;24px&#8220; align=&#8220;left&#8220; _builder_version=&#8220;4.22.0&#8243; _module_preset=&#8220;default&#8220; background_color=&#8220;gcid-9d0cae7c-074f-4d45-9577-f64cb1aa2c6b&#8220; custom_padding=&#8220;12px|12px|12px|12px|true|true&#8220; border_radii=&#8220;on|100px|100px|100px|100px&#8220; global_colors_info=&#8220;{%22gcid-9d0cae7c-074f-4d45-9577-f64cb1aa2c6b%22:%91%22background_color%22%93,%22gcid-39c39fce-5264-4a4c-9266-982a8a79f610%22:%91%22background_color%22%93}&#8220;][\/et_pb_icon][et_pb_text _builder_version=&#8220;4.27.4&#8243; _module_preset=&#8220;a1ee562b-3369-4d07-b08d-9aabdb3b20fd&#8220; locked=&#8220;off&#8220; global_colors_info=&#8220;{}&#8220;]<\/p>\n<h4>Imejl adresa<\/h4>\n<p>[\/et_pb_text][et_pb_text _builder_version=&#8220;4.27.4&#8243; _module_preset=&#8220;e506c63d-3367-4473-98bd-d98baff02a9f&#8220; text_text_color=&#8220;#000000&#8243; link_text_color=&#8220;#000000&#8243; locked=&#8220;off&#8220; global_colors_info=&#8220;{}&#8220;]<\/p>\n<p><a href=\"mailto:#\">rabosvremena@gmail,com<\/a><\/p>\n<p>[\/et_pb_text][\/et_pb_column][et_pb_column type=&#8220;1_3&#8243; _builder_version=&#8220;4.22.0&#8243; _module_preset=&#8220;default&#8220; global_colors_info=&#8220;{}&#8220;][et_pb_icon font_icon=&#8220;&#xe090;||divi||400&#8243; icon_color=&#8220;#FFFFFF&#8220; icon_width=&#8220;24px&#8220; align=&#8220;left&#8220; _builder_version=&#8220;4.22.0&#8243; _module_preset=&#8220;default&#8220; background_color=&#8220;gcid-9d0cae7c-074f-4d45-9577-f64cb1aa2c6b&#8220; custom_padding=&#8220;12px|12px|12px|12px|true|true&#8220; border_radii=&#8220;on|100px|100px|100px|100px&#8220; global_colors_info=&#8220;{%22gcid-9d0cae7c-074f-4d45-9577-f64cb1aa2c6b%22:%91%22background_color%22,%22icon_color%22%93}&#8220;][\/et_pb_icon][et_pb_text _builder_version=&#8220;4.27.4&#8243; _module_preset=&#8220;a1ee562b-3369-4d07-b08d-9aabdb3b20fd&#8220; global_colors_info=&#8220;{}&#8220;]<\/p>\n<h4>\u00a0Broj telefona<\/h4>\n<p>[\/et_pb_text][et_pb_text _builder_version=&#8220;4.22.0&#8243; _module_preset=&#8220;e506c63d-3367-4473-98bd-d98baff02a9f&#8220; text_text_color=&#8220;#000000&#8243; link_text_color=&#8220;#FFFFFF&#8220; global_colors_info=&#8220;{}&#8220;]<\/p>\n<p>(255) 352-6258<\/p>\n<p>[\/et_pb_text][\/et_pb_column][\/et_pb_row][\/et_pb_section][et_pb_section fb_built=&#8220;1&#8243; admin_label=&#8220;Footer&#8220; _builder_version=&#8220;4.21.0&#8243; _module_preset=&#8220;default&#8220; background_color=&#8220;gcid-f0b81583-c55e-43e8-91ce-43dd9fe19dec&#8220; saved_tabs=&#8220;all&#8220; collapsed=&#8220;on&#8220; global_colors_info=&#8220;{%22gcid-f0b81583-c55e-43e8-91ce-43dd9fe19dec%22:%91%22background_color%22%93}&#8220;][et_pb_row column_structure=&#8220;1_4,1_4,1_2&#8243; _builder_version=&#8220;4.21.0&#8243; _module_preset=&#8220;default&#8220; global_colors_info=&#8220;{}&#8220;][et_pb_column type=&#8220;1_4&#8243; _builder_version=&#8220;4.21.0&#8243; _module_preset=&#8220;default&#8220; global_colors_info=&#8220;{}&#8220;][et_pb_text _builder_version=&#8220;4.21.0&#8243; _module_preset=&#8220;102b3c49-6c3b-4ae0-b2f5-5214349a8140&#8243; header_5_text_color=&#8220;#FFFFFF&#8220; custom_margin=&#8220;||10px||false|false&#8220; global_colors_info=&#8220;{}&#8220;]<\/p>\n<h5>Contact Info<\/h5>\n<p>[\/et_pb_text][et_pb_text _builder_version=&#8220;4.21.0&#8243; _module_preset=&#8220;e506c63d-3367-4473-98bd-d98baff02a9f&#8220; text_text_color=&#8220;#FFFFFF&#8220; link_text_color=&#8220;#FFFFFF&#8220; custom_margin=&#8220;||10px||false|false&#8220; global_colors_info=&#8220;{}&#8220;](255) 352-6258[\/et_pb_text][et_pb_text _builder_version=&#8220;4.22.0&#8243; _module_preset=&#8220;e506c63d-3367-4473-98bd-d98baff02a9f&#8220; text_text_color=&#8220;#FFFFFF&#8220; link_text_color=&#8220;#FFFFFF&#8220; custom_margin=&#8220;||10px||false|false&#8220; global_colors_info=&#8220;{}&#8220;]<a href=\"mailto:#\">hello@divibookstore.com<\/a>[\/et_pb_text][et_pb_text _builder_version=&#8220;4.21.0&#8243; _module_preset=&#8220;e506c63d-3367-4473-98bd-d98baff02a9f&#8220; text_text_color=&#8220;#FFFFFF&#8220; link_text_color=&#8220;#FFFFFF&#8220; custom_margin=&#8220;||10px||false|false&#8220; global_colors_info=&#8220;{}&#8220;]1234 Divi St. #1000, San Francisco, CA 94220[\/et_pb_text][\/et_pb_column][et_pb_column type=&#8220;1_4&#8243; _builder_version=&#8220;4.21.0&#8243; _module_preset=&#8220;default&#8220; global_colors_info=&#8220;{}&#8220;][et_pb_text _builder_version=&#8220;4.21.0&#8243; _module_preset=&#8220;102b3c49-6c3b-4ae0-b2f5-5214349a8140&#8243; header_5_text_color=&#8220;#FFFFFF&#8220; custom_margin=&#8220;||10px||false|false&#8220; locked=&#8220;off&#8220; global_colors_info=&#8220;{}&#8220;]<\/p>\n<h5>Quick Links<\/h5>\n<p>[\/et_pb_text][et_pb_text _builder_version=&#8220;4.21.0&#8243; _module_preset=&#8220;e506c63d-3367-4473-98bd-d98baff02a9f&#8220; text_text_color=&#8220;#FFFFFF&#8220; link_text_color=&#8220;#FFFFFF&#8220; custom_margin=&#8220;||10px||false|false&#8220; locked=&#8220;off&#8220; global_colors_info=&#8220;{}&#8220;]<a href=\"#\">Home<\/a>[\/et_pb_text][et_pb_text _builder_version=&#8220;4.21.0&#8243; _module_preset=&#8220;e506c63d-3367-4473-98bd-d98baff02a9f&#8220; text_text_color=&#8220;#FFFFFF&#8220; link_text_color=&#8220;#FFFFFF&#8220; custom_margin=&#8220;||10px||false|false&#8220; locked=&#8220;off&#8220; global_colors_info=&#8220;{}&#8220;]<a href=\"#\">About<\/a>[\/et_pb_text][et_pb_text _builder_version=&#8220;4.21.0&#8243; _module_preset=&#8220;e506c63d-3367-4473-98bd-d98baff02a9f&#8220; text_text_color=&#8220;#FFFFFF&#8220; link_text_color=&#8220;#FFFFFF&#8220; custom_margin=&#8220;||10px||false|false&#8220; locked=&#8220;off&#8220; global_colors_info=&#8220;{}&#8220;]<a href=\"#\">Services<\/a>[\/et_pb_text][et_pb_text _builder_version=&#8220;4.21.0&#8243; _module_preset=&#8220;e506c63d-3367-4473-98bd-d98baff02a9f&#8220; text_text_color=&#8220;#FFFFFF&#8220; link_text_color=&#8220;#FFFFFF&#8220; custom_margin=&#8220;||10px||false|false&#8220; locked=&#8220;off&#8220; global_colors_info=&#8220;{}&#8220;]<a href=\"#\">Blog<\/a>[\/et_pb_text][\/et_pb_column][et_pb_column type=&#8220;1_2&#8243; _builder_version=&#8220;4.21.0&#8243; _module_preset=&#8220;default&#8220; global_colors_info=&#8220;{}&#8220;][et_pb_text _builder_version=&#8220;4.21.0&#8243; _module_preset=&#8220;e506c63d-3367-4473-98bd-d98baff02a9f&#8220; text_text_color=&#8220;#FFFFFF&#8220; global_colors_info=&#8220;{}&#8220;]Fermentum nulla non justo aliquet, quis vehicula quam consequat duis ut hendrerit. Luctus lectus non quisque turpis bibendum posuere. Morbi tortor nibh, fringilla sed pretium sit amet.[\/et_pb_text][et_pb_signup mailchimp_list=&#8220;undefined|elegantthemestest|1ea2bbd026&#8243; first_name_field=&#8220;off&#8220; last_name_field=&#8220;off&#8220; _builder_version=&#8220;4.21.0&#8243; _module_preset=&#8220;fe20f5cb-5b2a-4c99-a52e-8e0bef99c9b1&#8243; locked=&#8220;off&#8220; global_colors_info=&#8220;{%22gcid-93e3f830-9462-456c-bf95-d424ca32e812%22:%91%22border_color_all%22%93,%22gcid-a5a3bf96-006e-45a1-8d81-41b10e182341%22:%91%22button_text_color%22%93}&#8220;][\/et_pb_signup][\/et_pb_column][\/et_pb_row][et_pb_row column_structure=&#8220;2_3,1_3&#8243; _builder_version=&#8220;4.21.0&#8243; _module_preset=&#8220;default&#8220; custom_padding=&#8220;20px||20px||true|false&#8220; border_color_all=&#8220;#FFFFFF&#8220; border_width_top=&#8220;1px&#8220; global_colors_info=&#8220;{}&#8220;][et_pb_column type=&#8220;2_3&#8243; _builder_version=&#8220;4.21.0&#8243; _module_preset=&#8220;default&#8220; global_colors_info=&#8220;{}&#8220;][et_pb_text _builder_version=&#8220;4.21.0&#8243; _dynamic_attributes=&#8220;content&#8220; _module_preset=&#8220;e506c63d-3367-4473-98bd-d98baff02a9f&#8220; text_text_color=&#8220;#FFFFFF&#8220; link_text_color=&#8220;gcid-e428b4a0-8f75-478b-bc91-d4c919946667&#8243; global_colors_info=&#8220;{%22gcid-e428b4a0-8f75-478b-bc91-d4c919946667%22:%91%22link_text_color%22%93}&#8220;]@ET-DC@eyJkeW5hbWljIjp0cnVlLCJjb250ZW50IjoiY3VycmVudF9kYXRlIiwic2V0dGluZ3MiOnsiYmVmb3JlIjoiQ29weXJpZ2h0ICZjb3B5OyAiLCJhZnRlciI6IiBEaXZpLiBBbGwgUmlnaHRzIFJlc2VydmVkLiIsImRhdGVfZm9ybWF0IjoiY3VzdG9tIiwiY3VzdG9tX2RhdGVfZm9ybWF0IjoiWSJ9fQ==@[\/et_pb_text][\/et_pb_column][et_pb_column type=&#8220;1_3&#8243; _builder_version=&#8220;4.21.0&#8243; _module_preset=&#8220;default&#8220; global_colors_info=&#8220;{}&#8220;][et_pb_social_media_follow _builder_version=&#8220;4.21.0&#8243; _module_preset=&#8220;default&#8220; text_orientation=&#8220;right&#8220; text_orientation_tablet=&#8220;left&#8220; text_orientation_phone=&#8220;&#8220; text_orientation_last_edited=&#8220;on|desktop&#8220; global_colors_info=&#8220;{}&#8220;][et_pb_social_media_follow_network social_network=&#8220;facebook&#8220; _builder_version=&#8220;4.21.0&#8243; _module_preset=&#8220;default&#8220; global_colors_info=&#8220;{}&#8220; follow_button=&#8220;off&#8220; url_new_window=&#8220;on&#8220;]facebook[\/et_pb_social_media_follow_network][et_pb_social_media_follow_network social_network=&#8220;twitter&#8220; _builder_version=&#8220;4.21.0&#8243; _module_preset=&#8220;default&#8220; global_colors_info=&#8220;{}&#8220; follow_button=&#8220;off&#8220; url_new_window=&#8220;on&#8220;]twitter[\/et_pb_social_media_follow_network][et_pb_social_media_follow_network social_network=&#8220;instagram&#8220; _builder_version=&#8220;4.21.0&#8243; _module_preset=&#8220;default&#8220; global_colors_info=&#8220;{}&#8220; follow_button=&#8220;off&#8220; url_new_window=&#8220;on&#8220;]instagram[\/et_pb_social_media_follow_network][\/et_pb_social_media_follow][\/et_pb_column][\/et_pb_row][\/et_pb_section]<\/p>\n","protected":false},"excerpt":{"rendered":"<p>Kontaktirajte nasKreativnost mora da ima potporu da bi za\u017eivelaAdresa\u00a0Beograd Vo\u017edovacImejl adresarabosvremena@gmail,com\u00a0Broj telefona(255) 352-6258Contact Info(255) 352-6258hello@divibookstore.com1234 Divi St. #1000, San Francisco, CA 94220Quick LinksHomeAboutServicesBlogFermentum nulla non justo aliquet, quis vehicula quam consequat duis ut hendrerit. Luctus lectus non quisque turpis bibendum posuere. Morbi tortor nibh, fringilla sed pretium sit amet.<\/p>\n","protected":false},"author":1,"featured_media":0,"parent":0,"menu_order":0,"comment_status":"closed","ping_status":"closed","template":"","meta":{"_et_pb_use_builder":"on","_et_pb_old_content":"","_et_gb_content_width":"","footnotes":""},"class_list":["post-484","page","type-page","status-publish","hentry"],"_links":{"self":[{"href":"https:\/\/104.edukovac.xyz\/index.php\/wp-json\/wp\/v2\/pages\/484","targetHints":{"allow":["GET"]}}],"collection":[{"href":"https:\/\/104.edukovac.xyz\/index.php\/wp-json\/wp\/v2\/pages"}],"about":[{"href":"https:\/\/104.edukovac.xyz\/index.php\/wp-json\/wp\/v2\/types\/page"}],"author":[{"embeddable":true,"href":"https:\/\/104.edukovac.xyz\/index.php\/wp-json\/wp\/v2\/users\/1"}],"replies":[{"embeddable":true,"href":"https:\/\/104.edukovac.xyz\/index.php\/wp-json\/wp\/v2\/comments?post=484"}],"version-history":[{"count":10,"href":"https:\/\/104.edukovac.xyz\/index.php\/wp-json\/wp\/v2\/pages\/484\/revisions"}],"predecessor-version":[{"id":505,"href":"https:\/\/104.edukovac.xyz\/index.php\/wp-json\/wp\/v2\/pages\/484\/revisions\/505"}],"wp:attachment":[{"href":"https:\/\/104.edukovac.xyz\/index.php\/wp-json\/wp\/v2\/media?parent=484"}],"curies":[{"name":"wp","href":"https:\/\/api.w.org\/{rel}","templated":true}]}}