{"id":518,"date":"2025-08-12T17:06:31","date_gmt":"2025-08-12T17:06:31","guid":{"rendered":"https:\/\/104.edukovac.xyz\/?page_id=518"},"modified":"2025-08-14T11:19:22","modified_gmt":"2025-08-14T11:19:22","slug":"knjige","status":"publish","type":"page","link":"https:\/\/104.edukovac.xyz\/index.php\/knjige\/","title":{"rendered":"Klub \u010ditalaca"},"content":{"rendered":"<p>[et_pb_section fb_built=&#8220;1&#8243; admin_label=&#8220;Header&#8220; _builder_version=&#8220;4.27.4&#8243; _module_preset=&#8220;default&#8220; background_color=&#8220;#FFFFFF&#8220; custom_padding=&#8220;0px||0px||true|&#8220; hover_enabled=&#8220;0&#8243; global_colors_info=&#8220;{%22gcid-bafd0c31-2a11-4c7d-b3a8-caae4a4218d9%22:%91%22background_color%22%93}&#8220; width=&#8220;100%&#8220; height=&#8220;838px&#8220; min_height=&#8220;805px&#8220; max_width=&#8220;100%&#8220; sticky_enabled=&#8220;0&#8243;][et_pb_row column_structure=&#8220;1_2,1_2&#8243; _builder_version=&#8220;4.16&#8243; _module_preset=&#8220;default&#8220; z_index=&#8220;10&#8243; hover_enabled=&#8220;0&#8243; global_colors_info=&#8220;{}&#8220; sticky_enabled=&#8220;0&#8243;][et_pb_column type=&#8220;1_2&#8243; _builder_version=&#8220;4.16&#8243; _module_preset=&#8220;default&#8220; custom_padding=&#8220;10%||||false|false&#8220; global_colors_info=&#8220;{}&#8220;][et_pb_blurb title=&#8220;Klub \u010ditalaca&#8220; use_icon=&#8220;on&#8220; font_icon=&#8220;&#xe086;||divi||400&#8243; icon_color=&#8220;#FF5D67&#8243; icon_placement=&#8220;left&#8220; image_icon_width=&#8220;24px&#8220; content_max_width=&#8220;100%&#8220; _builder_version=&#8220;4.27.4&#8243; _module_preset=&#8220;a947262d-0701-4077-825d-1385639c524f&#8220; header_font=&#8220;Inter|700||on|||||&#8220; header_text_color=&#8220;#ff5d67&#8243; header_font_size=&#8220;16px&#8220; header_letter_spacing=&#8220;1px&#8220; body_font=&#8220;Inter||||||||&#8220; body_text_color=&#8220;#15414a&#8220; locked=&#8220;off&#8220; global_colors_info=&#8220;{}&#8220;][\/et_pb_blurb][et_pb_text _builder_version=&#8220;4.27.4&#8243; _module_preset=&#8220;e864d11f-3dab-4fa3-ac06-4f0e1a260807&#8243; header_font=&#8220;Heebo|700|||||||&#8220; header_text_color=&#8220;#15414a&#8220; header_font_size=&#8220;75px&#8220; header_line_height=&#8220;1.1em&#8220; custom_margin=&#8220;||10px||false|false&#8220; header_font_size_tablet=&#8220;40px&#8220; header_font_size_phone=&#8220;24px&#8220; header_font_size_last_edited=&#8220;on|desktop&#8220; locked=&#8220;off&#8220; global_colors_info=&#8220;{}&#8220;]<\/p>\n<h1>Onlajn klub \u010ditalaca<\/h1>\n<p>[\/et_pb_text][et_pb_text _builder_version=&#8220;4.27.4&#8243; _module_preset=&#8220;41d5859c-fbaa-458a-88e4-5d886857f235&#8243; text_font=&#8220;Inter||||||||&#8220; text_text_color=&#8220;#15414a&#8220; text_font_size=&#8220;18px&#8220; text_line_height=&#8220;1.8em&#8220; text_font_size_tablet=&#8220;16px&#8220; text_font_size_phone=&#8220;14px&#8220; text_font_size_last_edited=&#8220;on|phone&#8220; locked=&#8220;off&#8220; global_colors_info=&#8220;{}&#8220;]<\/p>\n<p>U mno\u0161tvu informacija dana\u0161njice, sedeti nad knjigom, bilo da \u010dita\u0161 ili pi\u0161e\u0161 sigurno\u00a0 si bar malo spasio svoj svet.<\/p>\n<p>[\/et_pb_text][et_pb_button button_text=&#8220;Priklju\u010di se jo\u0161 danas!&#8220; _builder_version=&#8220;4.27.4&#8243; _module_preset=&#8220;94ef7aca-dcd9-4f9d-93b2-efa3466cebc7&#8243; custom_button=&#8220;on&#8220; button_text_size=&#8220;14px&#8220; button_text_color=&#8220;#FFFFFF&#8220; button_bg_color=&#8220;#15414A&#8220; button_bg_enable_image=&#8220;off&#8220; button_border_width=&#8220;0px&#8220; button_border_color=&#8220;#FFFFFF&#8220; button_border_radius=&#8220;8px&#8220; button_letter_spacing=&#8220;1px&#8220; button_font=&#8220;Heebo|800||on|||||&#8220; custom_padding=&#8220;16px|20px|16px|20px|true|true&#8220; box_shadow_style=&#8220;preset4&#8243; box_shadow_horizontal=&#8220;-4px&#8220; box_shadow_vertical=&#8220;4px&#8220; box_shadow_color=&#8220;rgba(21,65,74,0.24)&#8220; locked=&#8220;off&#8220; global_colors_info=&#8220;{}&#8220; button_border_width__hover_enabled=&#8220;off|desktop&#8220; button_border_width__hover=&#8220;5px&#8220;][\/et_pb_button][\/et_pb_column][et_pb_column type=&#8220;1_2&#8243; _builder_version=&#8220;4.16&#8243; _module_preset=&#8220;default&#8220; global_colors_info=&#8220;{}&#8220;][et_pb_image src=&#8220;http:\/\/104.edukovac.xyz\/wp-content\/uploads\/2025\/08\/book-club_illustration-2.png&#8220; title_text=&#8220;book-club_illustration-2&#8243; _builder_version=&#8220;4.27.4&#8243; _module_preset=&#8220;default&#8220; custom_margin=&#8220;||-100%||false|false&#8220; hover_enabled=&#8220;0&#8243; global_colors_info=&#8220;{}&#8220; width=&#8220;37%&#8220; max_width=&#8220;77%&#8220; module_alignment=&#8220;center&#8220; filter_hue_rotate=&#8220;353deg&#8220; filter_saturate=&#8220;198%&#8220; filter_brightness=&#8220;134%&#8220; filter_contrast=&#8220;105%&#8220; filter_invert=&#8220;4%&#8220; filter_sepia=&#8220;63%&#8220; filter_opacity=&#8220;87%&#8220; mix_blend_mode=&#8220;lighten&#8220; animation_style=&#8220;slide&#8220; sticky_enabled=&#8220;0&#8243;][\/et_pb_image][\/et_pb_column][\/et_pb_row][et_pb_row _builder_version=&#8220;4.27.4&#8243; _module_preset=&#8220;default&#8220; custom_padding=&#8220;0px||0px||true|&#8220; hover_enabled=&#8220;0&#8243; global_colors_info=&#8220;{}&#8220; use_custom_gutter=&#8220;on&#8220; make_equal=&#8220;on&#8220; width=&#8220;55%&#8220; max_width=&#8220;1314px&#8220; min_height=&#8220;181px&#8220; module_alignment=&#8220;right&#8220; sticky_enabled=&#8220;0&#8243; custom_margin=&#8220;||||false|true&#8220; animation_style=&#8220;slide&#8220;][et_pb_column type=&#8220;4_4&#8243; _builder_version=&#8220;4.27.4&#8243; _module_preset=&#8220;default&#8220; hover_enabled=&#8220;0&#8243; global_colors_info=&#8220;{}&#8220; animation_style=&#8220;slide&#8220; sticky_enabled=&#8220;0&#8243;][et_pb_image src=&#8220;http:\/\/104.edukovac.xyz\/wp-content\/uploads\/2025\/08\/bookclub-img-12-1.png&#8220; title_text=&#8220;bookclub-img-12&#8243; _builder_version=&#8220;4.27.4&#8243; _module_preset=&#8220;default&#8220; custom_margin=&#8220;-14%|-10%|-2%|-10%|false|false&#8220; hover_enabled=&#8220;0&#8243; global_colors_info=&#8220;{}&#8220; sticky_enabled=&#8220;0&#8243; align=&#8220;right&#8220; width=&#8220;72%&#8220; max_width=&#8220;58%&#8220; custom_padding=&#8220;|||||true&#8220; border_radii=&#8220;off|28px|28px|28px|28px&#8220; animation_style=&#8220;slide&#8220; background_enable_color=&#8220;off&#8220;][\/et_pb_image][\/et_pb_column][\/et_pb_row][\/et_pb_section][et_pb_section fb_built=&#8220;1&#8243; admin_label=&#8220;About&#8220; _builder_version=&#8220;4.16&#8243; _module_preset=&#8220;default&#8220; background_color=&#8220;#ffc736&#8243; background_enable_image=&#8220;off&#8220; background_size=&#8220;initial&#8220; background_position=&#8220;bottom_center&#8220; background_vertical_offset=&#8220;32%&#8220; custom_padding=&#8220;7%||||false|false&#8220; locked=&#8220;off&#8220; global_colors_info=&#8220;{}&#8220;][et_pb_row _builder_version=&#8220;4.16&#8243; _module_preset=&#8220;default&#8220; custom_padding=&#8220;||0px|||&#8220; global_colors_info=&#8220;{}&#8220;][et_pb_column type=&#8220;4_4&#8243; _builder_version=&#8220;4.16&#8243; _module_preset=&#8220;default&#8220; global_colors_info=&#8220;{}&#8220;][et_pb_text _builder_version=&#8220;4.27.4&#8243; _module_preset=&#8220;df96b77a-cd4f-44a8-a771-2d6347592b53&#8243; header_2_font=&#8220;Heebo|700|||||||&#8220; header_2_text_align=&#8220;center&#8220; header_2_text_color=&#8220;#15414A&#8220; header_2_font_size=&#8220;55px&#8220; header_2_line_height=&#8220;1.1em&#8220; custom_margin=&#8220;||10px||false|false&#8220; header_2_font_size_tablet=&#8220;32px&#8220; header_2_font_size_phone=&#8220;20px&#8220; header_2_font_size_last_edited=&#8220;on|desktop&#8220; global_colors_info=&#8220;{}&#8220;]<\/p>\n<h2>Kako radimo?<\/h2>\n<p>[\/et_pb_text][\/et_pb_column][\/et_pb_row][et_pb_row column_structure=&#8220;1_3,1_3,1_3&#8243; _builder_version=&#8220;4.16&#8243; _module_preset=&#8220;default&#8220; global_colors_info=&#8220;{}&#8220;][et_pb_column type=&#8220;1_3&#8243; _builder_version=&#8220;4.16&#8243; _module_preset=&#8220;default&#8220; background_color=&#8220;#15414a&#8220; custom_padding=&#8220;30px|20px|30px|20px|true|true&#8220; custom_padding_tablet=&#8220;30px|30px|30px|30px|true|true&#8220; custom_padding_phone=&#8220;|20px||20px|true|true&#8220; custom_padding_last_edited=&#8220;off|desktop&#8220; global_colors_info=&#8220;{}&#8220;][et_pb_blurb title=&#8220;Pridru\u017ei se&#8220; image=&#8220;http:\/\/104.edukovac.xyz\/wp-content\/uploads\/2025\/08\/book-club-icon-01.png&#8220; _builder_version=&#8220;4.27.4&#8243; _module_preset=&#8220;58e41a12-d2dc-4bc3-82a3-e7e2a77a32bd&#8220; header_font=&#8220;Inter|700|||||||&#8220; header_text_color=&#8220;#FFC736&#8243; header_line_height=&#8220;1.1em&#8220; body_font=&#8220;Inter||||||||&#8220; body_text_color=&#8220;#FFFFFF&#8220; text_orientation=&#8220;center&#8220; animation=&#8220;off&#8220; global_colors_info=&#8220;{}&#8220;]<\/p>\n<p>Zajedni\u010dkim naporima post\u017eu se bolji rezultati<\/p>\n<p>[\/et_pb_blurb][\/et_pb_column][et_pb_column type=&#8220;1_3&#8243; _builder_version=&#8220;4.16&#8243; _module_preset=&#8220;default&#8220; background_color=&#8220;#15414a&#8220; custom_padding=&#8220;30px|20px|30px|20px|true|true&#8220; global_colors_info=&#8220;{}&#8220;][et_pb_blurb title=&#8220;Pro\u010ditaj&#8220; image=&#8220;http:\/\/104.edukovac.xyz\/wp-content\/uploads\/2025\/08\/book-club-icon-02.png&#8220; _builder_version=&#8220;4.27.4&#8243; _module_preset=&#8220;58e41a12-d2dc-4bc3-82a3-e7e2a77a32bd&#8220; header_font=&#8220;Inter|700|||||||&#8220; header_text_color=&#8220;#FFC736&#8243; header_line_height=&#8220;1.1em&#8220; body_font=&#8220;Inter||||||||&#8220; body_text_color=&#8220;#FFFFFF&#8220; text_orientation=&#8220;center&#8220; animation=&#8220;off&#8220; global_colors_info=&#8220;{}&#8220;]<\/p>\n<p>Svaka knjuga otkriva po jedna skrivena vrata za novi svet<\/p>\n<p>[\/et_pb_blurb][\/et_pb_column][et_pb_column type=&#8220;1_3&#8243; _builder_version=&#8220;4.16&#8243; _module_preset=&#8220;default&#8220; background_color=&#8220;#15414a&#8220; custom_padding=&#8220;30px|20px|30px|20px|true|true&#8220; global_colors_info=&#8220;{}&#8220;][et_pb_blurb title=&#8220; Sastani se&#8220; image=&#8220;http:\/\/104.edukovac.xyz\/wp-content\/uploads\/2025\/08\/book-club-icon-03.png&#8220; _builder_version=&#8220;4.27.4&#8243; _module_preset=&#8220;58e41a12-d2dc-4bc3-82a3-e7e2a77a32bd&#8220; header_font=&#8220;Inter|700|||||||&#8220; header_text_color=&#8220;#FFC736&#8243; header_line_height=&#8220;1.1em&#8220; body_font=&#8220;Inter||||||||&#8220; body_text_color=&#8220;#FFFFFF&#8220; text_orientation=&#8220;center&#8220; animation=&#8220;off&#8220; global_colors_info=&#8220;{}&#8220;]<\/p>\n<p>Zajedni\u010dko istra\u017eivanje popravlja perspektivu<\/p>\n<p>[\/et_pb_blurb][\/et_pb_column][\/et_pb_row][\/et_pb_section][et_pb_section fb_built=&#8220;1&#8243; next_background_color=&#8220;#FFF2F2&#8243; admin_label=&#8220;Book&#8220; _builder_version=&#8220;4.16&#8243; _module_preset=&#8220;default&#8220; background_color=&#8220;#ffc736&#8243; background_image=&#8220;http:\/\/104.edukovac.xyz\/wp-content\/uploads\/2025\/08\/bookclub-img-09.png&#8220; background_size=&#8220;initial&#8220; background_position=&#8220;bottom_center&#8220; background_vertical_offset=&#8220;32%&#8220; custom_padding=&#8220;||||false|false&#8220; bottom_divider_style=&#8220;wave&#8220; bottom_divider_height=&#8220;10vw&#8220; bottom_divider_flip=&#8220;horizontal&#8220; locked=&#8220;off&#8220; global_colors_info=&#8220;{%22gcid-bafd0c31-2a11-4c7d-b3a8-caae4a4218d9%22:%91%22background_color%22%93}&#8220;][et_pb_row column_structure=&#8220;1_2,1_2&#8243; _builder_version=&#8220;4.16&#8243; _module_preset=&#8220;default&#8220; global_colors_info=&#8220;{}&#8220;][et_pb_column type=&#8220;1_2&#8243; _builder_version=&#8220;4.16&#8243; _module_preset=&#8220;default&#8220; custom_padding=&#8220;10%||||false|false&#8220; global_colors_info=&#8220;{}&#8220;][et_pb_blurb title=&#8220;Trenutno \u010ditanje&#8220; use_icon=&#8220;on&#8220; font_icon=&#8220;&#xe086;||divi||400&#8243; icon_color=&#8220;#15414A&#8220; icon_placement=&#8220;left&#8220; image_icon_width=&#8220;24px&#8220; content_max_width=&#8220;100%&#8220; _builder_version=&#8220;4.27.4&#8243; _module_preset=&#8220;a947262d-0701-4077-825d-1385639c524f&#8220; header_font=&#8220;Inter|700||on|||||&#8220; header_text_color=&#8220;#15414A&#8220; header_font_size=&#8220;16px&#8220; header_letter_spacing=&#8220;1px&#8220; body_font=&#8220;Inter||||||||&#8220; body_text_color=&#8220;#15414a&#8220; global_colors_info=&#8220;{%22gcid-763ab4af-38b5-424c-b54d-6f600a6e6467%22:%91%22icon_color%22%93}&#8220;][\/et_pb_blurb][et_pb_text _builder_version=&#8220;4.27.4&#8243; _module_preset=&#8220;df96b77a-cd4f-44a8-a771-2d6347592b53&#8243; header_2_font=&#8220;Heebo|700|||||||&#8220; header_2_text_color=&#8220;gcid-8b305f9d-4844-4604-ba06-445166ebe5d6&#8243; header_2_font_size=&#8220;55px&#8220; header_2_line_height=&#8220;1.1em&#8220; custom_margin=&#8220;||10px||false|false&#8220; header_2_font_size_tablet=&#8220;32px&#8220; header_2_font_size_phone=&#8220;20px&#8220; header_2_font_size_last_edited=&#8220;on|desktop&#8220; global_colors_info=&#8220;{%22gcid-8b305f9d-4844-4604-ba06-445166ebe5d6%22:%91%22header_2_text_color%22%93}&#8220;]<\/p>\n<h2>Ukradeno vreme<\/h2>\n<p>[\/et_pb_text][et_pb_text _builder_version=&#8220;4.27.4&#8243; _module_preset=&#8220;default&#8220; header_3_font=&#8220;Inter||||||||&#8220; header_3_text_color=&#8220;gcid-8b305f9d-4844-4604-ba06-445166ebe5d6&#8243; header_3_font_size=&#8220;14px&#8220; global_colors_info=&#8220;{%22gcid-8b305f9d-4844-4604-ba06-445166ebe5d6%22:%91%22header_3_text_color%22%93}&#8220;]<\/p>\n<h3>Ime autora<\/h3>\n<p>[\/et_pb_text][et_pb_text _builder_version=&#8220;4.27.4&#8243; _module_preset=&#8220;41d5859c-fbaa-458a-88e4-5d886857f235&#8243; text_font=&#8220;Inter||||||||&#8220; text_text_color=&#8220;#15414a&#8220; text_font_size=&#8220;18px&#8220; text_line_height=&#8220;1.8em&#8220; text_font_size_tablet=&#8220;16px&#8220; text_font_size_phone=&#8220;14px&#8220; text_font_size_last_edited=&#8220;on|phone&#8220; global_colors_info=&#8220;{}&#8220;]<\/p>\n<p>\u00a0Sinopsis<\/p>\n<p>[\/et_pb_text][et_pb_button button_text=&#8220;Detalji&#8220; button_alignment=&#8220;right&#8220; _builder_version=&#8220;4.27.4&#8243; _module_preset=&#8220;0ea6d785-731a-418c-8b52-255a270a78bd&#8220; custom_button=&#8220;on&#8220; button_text_size=&#8220;14px&#8220; button_text_color=&#8220;gcid-8b305f9d-4844-4604-ba06-445166ebe5d6&#8243; button_bg_color=&#8220;RGBA(255,255,255,0)&#8220; button_border_width=&#8220;0px&#8220; button_font=&#8220;Heebo|800||on|on||||&#8220; button_icon=&#8220;&#x24;||divi||400&#8243; button_on_hover=&#8220;off&#8220; global_colors_info=&#8220;{%22gcid-8b305f9d-4844-4604-ba06-445166ebe5d6%22:%91%22button_text_color%22%93}&#8220; button_bg_color__hover_enabled=&#8220;on|hover&#8220; button_bg_color__hover=&#8220;RGBA(255,255,255,0)&#8220;][\/et_pb_button][\/et_pb_column][et_pb_column type=&#8220;1_2&#8243; _builder_version=&#8220;4.16&#8243; _module_preset=&#8220;default&#8220; global_colors_info=&#8220;{}&#8220;][et_pb_divider show_divider=&#8220;off&#8220; _builder_version=&#8220;4.16&#8243; _module_preset=&#8220;default&#8220; background_color=&#8220;#15414A&#8220; positioning=&#8220;absolute&#8220; width=&#8220;200px&#8220; height=&#8220;200px&#8220; custom_margin=&#8220;-40px|-80px||-80px|false|false&#8220; border_radii=&#8220;off|100px|100px|100px|&#8220; locked=&#8220;off&#8220; global_colors_info=&#8220;{}&#8220;][\/et_pb_divider][et_pb_image src=&#8220;http:\/\/104.edukovac.xyz\/wp-content\/uploads\/2025\/08\/bookclub-img-12-1.png&#8220; title_text=&#8220;bookclub-img-12-1&#8243; _builder_version=&#8220;4.27.4&#8243; _module_preset=&#8220;default&#8220; border_radii=&#8220;on|8px|8px|8px|8px&#8220; box_shadow_style=&#8220;preset3&#8243; box_shadow_vertical=&#8220;64px&#8220; box_shadow_blur=&#8220;48px&#8220; box_shadow_spread=&#8220;-24px&#8220; box_shadow_color=&#8220;rgba(152,87,87,0.24)&#8220; global_colors_info=&#8220;{}&#8220;][\/et_pb_image][\/et_pb_column][\/et_pb_row][\/et_pb_section][et_pb_section fb_built=&#8220;1&#8243; admin_label=&#8220;Footer&#8220; _builder_version=&#8220;4.16&#8243; _module_preset=&#8220;default&#8220; background_color=&#8220;#FFF2F2&#8243; custom_padding=&#8220;5vw||||false|false&#8220; global_colors_info=&#8220;{%22gcid-bafd0c31-2a11-4c7d-b3a8-caae4a4218d9%22:%91%22background_color%22%93}&#8220;][et_pb_row column_structure=&#8220;1_2,1_2&#8243; _builder_version=&#8220;4.16&#8243; _module_preset=&#8220;default&#8220; global_colors_info=&#8220;{}&#8220;][et_pb_column type=&#8220;1_2&#8243; _builder_version=&#8220;4.16&#8243; _module_preset=&#8220;default&#8220; global_colors_info=&#8220;{}&#8220;][et_pb_text _builder_version=&#8220;4.27.4&#8243; _module_preset=&#8220;5ff55506-da7d-4dd7-b409-9d62c7203201&#8243; text_font=&#8220;Inter||||||||&#8220; text_text_color=&#8220;gcid-8b305f9d-4844-4604-ba06-445166ebe5d6&#8243; text_font_size=&#8220;16px&#8220; text_line_height=&#8220;1.8em&#8220; link_text_color=&#8220;#FF5D67&#8243; max_width=&#8220;650px&#8220; module_alignment=&#8220;center&#8220; text_font_size_tablet=&#8220;15px&#8220; text_font_size_phone=&#8220;14px&#8220; text_font_size_last_edited=&#8220;on|phone&#8220; header_font_size_tablet=&#8220;55px&#8220; header_font_size_last_edited=&#8220;off|desktop&#8220; global_colors_info=&#8220;{%22gcid-8b305f9d-4844-4604-ba06-445166ebe5d6%22:%91%22text_text_color%22%93}&#8220;]<\/p>\n<p>\u00a0Postani \u010dlan na\u0161eg udru\u017eenja<\/p>\n<p>[\/et_pb_text][et_pb_button button_text=&#8220;Pridru\u017ei se jo\u0161 danas&#8220; _builder_version=&#8220;4.27.4&#8243; _module_preset=&#8220;94ef7aca-dcd9-4f9d-93b2-efa3466cebc7&#8243; custom_button=&#8220;on&#8220; button_text_size=&#8220;14px&#8220; button_text_color=&#8220;#FFFFFF&#8220; button_bg_color=&#8220;#15414A&#8220; button_bg_enable_image=&#8220;off&#8220; button_border_width=&#8220;0px&#8220; button_border_color=&#8220;#FFFFFF&#8220; button_border_radius=&#8220;8px&#8220; button_letter_spacing=&#8220;1px&#8220; button_font=&#8220;Heebo|800||on|||||&#8220; custom_padding=&#8220;16px|20px|16px|20px|true|true&#8220; box_shadow_style=&#8220;preset4&#8243; box_shadow_horizontal=&#8220;-4px&#8220; box_shadow_vertical=&#8220;4px&#8220; box_shadow_color=&#8220;rgba(21,65,74,0.24)&#8220; global_colors_info=&#8220;{}&#8220; button_border_width__hover_enabled=&#8220;off|desktop&#8220; button_border_width__hover=&#8220;5px&#8220;][\/et_pb_button][\/et_pb_column][et_pb_column type=&#8220;1_2&#8243; _builder_version=&#8220;4.16&#8243; _module_preset=&#8220;default&#8220; global_colors_info=&#8220;{}&#8220;][et_pb_image src=&#8220;http:\/\/104.edukovac.xyz\/wp-content\/uploads\/2025\/08\/book-club_illustration-1-1.png&#8220; title_text=&#8220;book-club_illustration-1&#8243; _builder_version=&#8220;4.27.4&#8243; _module_preset=&#8220;default&#8220; custom_margin=&#8220;-38%|-18vw||-18vw|false|true&#8220; custom_margin_tablet=&#8220;0vw|0vw|||false|false&#8220; custom_margin_phone=&#8220;0vw|0vw|||false|false&#8220; custom_margin_last_edited=&#8220;on|phone&#8220; hover_enabled=&#8220;0&#8243; global_colors_info=&#8220;{}&#8220; width=&#8220;70%&#8220; max_width=&#8220;77%&#8220; module_alignment=&#8220;right&#8220; animation_style=&#8220;slide&#8220; sticky_enabled=&#8220;0&#8243;][\/et_pb_image][\/et_pb_column][\/et_pb_row][\/et_pb_section]<\/p>\n","protected":false},"excerpt":{"rendered":"<p>Onlajn klub \u010ditalacaU mno\u0161tvu informacija dana\u0161njice, sedeti nad knjigom, bilo da \u010dita\u0161 ili pi\u0161e\u0161 sigurno\u00a0 si bar malo spasio svoj svet.Kako radimo?Zajedni\u010dkim naporima post\u017eu se bolji rezultatiSvaka knjuga otkriva po jedna skrivena vrata za novi svetZajedni\u010dko istra\u017eivanje popravlja perspektivuUkradeno vremeIme autora\u00a0Sinopsis\u00a0Postani \u010dlan na\u0161eg udru\u017eenja<\/p>\n","protected":false},"author":1,"featured_media":0,"parent":0,"menu_order":0,"comment_status":"closed","ping_status":"closed","template":"","meta":{"_et_pb_use_builder":"on","_et_pb_old_content":"","_et_gb_content_width":"","footnotes":""},"class_list":["post-518","page","type-page","status-publish","hentry"],"_links":{"self":[{"href":"https:\/\/104.edukovac.xyz\/index.php\/wp-json\/wp\/v2\/pages\/518","targetHints":{"allow":["GET"]}}],"collection":[{"href":"https:\/\/104.edukovac.xyz\/index.php\/wp-json\/wp\/v2\/pages"}],"about":[{"href":"https:\/\/104.edukovac.xyz\/index.php\/wp-json\/wp\/v2\/types\/page"}],"author":[{"embeddable":true,"href":"https:\/\/104.edukovac.xyz\/index.php\/wp-json\/wp\/v2\/users\/1"}],"replies":[{"embeddable":true,"href":"https:\/\/104.edukovac.xyz\/index.php\/wp-json\/wp\/v2\/comments?post=518"}],"version-history":[{"count":5,"href":"https:\/\/104.edukovac.xyz\/index.php\/wp-json\/wp\/v2\/pages\/518\/revisions"}],"predecessor-version":[{"id":627,"href":"https:\/\/104.edukovac.xyz\/index.php\/wp-json\/wp\/v2\/pages\/518\/revisions\/627"}],"wp:attachment":[{"href":"https:\/\/104.edukovac.xyz\/index.php\/wp-json\/wp\/v2\/media?parent=518"}],"curies":[{"name":"wp","href":"https:\/\/api.w.org\/{rel}","templated":true}]}}