{"id":531,"date":"2025-08-12T18:53:57","date_gmt":"2025-08-12T18:53:57","guid":{"rendered":"https:\/\/104.edukovac.xyz\/?page_id=531"},"modified":"2025-08-14T11:47:59","modified_gmt":"2025-08-14T11:47:59","slug":"p-nama","status":"publish","type":"page","link":"https:\/\/104.edukovac.xyz\/index.php\/p-nama\/","title":{"rendered":"Moje knjige"},"content":{"rendered":"<p>[et_pb_section fb_built=&#8220;1&#8243; admin_label=&#8220;Header&#8220; _builder_version=&#8220;4.25.1&#8243; _module_preset=&#8220;default&#8220; background_color=&#8220;gcid-545c17f1-4e53-478d-9e2b-03daafc524a2&#8243; collapsed=&#8220;on&#8220; global_colors_info=&#8220;{%22gcid-545c17f1-4e53-478d-9e2b-03daafc524a2%22:%91%22background_color%22%93}&#8220;][et_pb_row column_structure=&#8220;1_2,1_2&#8243; _builder_version=&#8220;4.25.1&#8243; _module_preset=&#8220;default&#8220; global_colors_info=&#8220;{}&#8220;][et_pb_column type=&#8220;1_2&#8243; _builder_version=&#8220;4.25.1&#8243; _module_preset=&#8220;default&#8220; background_color=&#8220;gcid-2a386b1e-9149-40c6-b24d-5e9fedecf039&#8243; custom_padding=&#8220;5%|5%|5%|5%|true|true&#8220; custom_padding_tablet=&#8220;30px|30px|30px|30px|true|true&#8220; custom_padding_phone=&#8220;20px|20px|20px|20px|true|true&#8220; custom_padding_last_edited=&#8220;on|phone&#8220; global_colors_info=&#8220;{%22gcid-2a386b1e-9149-40c6-b24d-5e9fedecf039%22:%91%22background_color%22%93}&#8220;][et_pb_image src=&#8220;http:\/\/104.edukovac.xyz\/wp-content\/uploads\/2025\/08\/cropped-ChatGPT-Image-1.-\u043c\u0430\u0458-2025.-14_52_44.png&#8220; title_text=&#8220;cropped-ChatGPT-Image-1.-\u043c\u0430\u0458-2025.-14_52_44.png&#8220; _builder_version=&#8220;4.27.4&#8243; _module_preset=&#8220;default&#8220; hover_enabled=&#8220;0&#8243; box_shadow_style=&#8220;preset3&#8243; box_shadow_horizontal=&#8220;10px&#8220; box_shadow_vertical=&#8220;40px&#8220; box_shadow_blur=&#8220;40px&#8220; box_shadow_spread=&#8220;10px&#8220; box_shadow_color=&#8220;rgba(0,0,0,0.11)&#8220; locked=&#8220;off&#8220; global_colors_info=&#8220;{}&#8220; sticky_enabled=&#8220;0&#8243; width=&#8220;100%&#8220; max_width=&#8220;100%&#8220; min_height=&#8220;287px&#8220;][\/et_pb_image][\/et_pb_column][et_pb_column type=&#8220;1_2&#8243; _builder_version=&#8220;4.25.1&#8243; _module_preset=&#8220;default&#8220; global_colors_info=&#8220;{}&#8220;][et_pb_heading title=&#8220;Moje stvarala\u0161tvo&#8220; _builder_version=&#8220;4.27.4&#8243; _module_preset=&#8220;c09de743-80cd-40ba-b8fc-c691eabdf6da&#8220; hover_enabled=&#8220;0&#8243; locked=&#8220;off&#8220; sticky_enabled=&#8220;0&#8243;][\/et_pb_heading][et_pb_heading title=&#8220;Radiance Of Raindrops&#8220; _builder_version=&#8220;4.27.4&#8243; _module_preset=&#8220;a78d4a57-55f7-420b-ae57-a1bfabd25ee2&#8243; custom_margin=&#8220;||10px||false|false&#8220; hover_enabled=&#8220;0&#8243; locked=&#8220;off&#8220; sticky_enabled=&#8220;0&#8243;][\/et_pb_heading][et_pb_heading title=&#8220;\u201cAbsolutely riventing!\u201d &#8211; Divi&#8220; _builder_version=&#8220;4.25.1&#8243; _module_preset=&#8220;a556e44b-1a34-46c3-87d2-723bd9292280&#8243; title_font=&#8220;Sedan||on||||||&#8220; locked=&#8220;off&#8220;][\/et_pb_heading][et_pb_text _builder_version=&#8220;4.25.1&#8243; _module_preset=&#8220;40476e5a-0e08-4a14-9d36-771b10311e57&#8243; locked=&#8220;off&#8220; global_colors_info=&#8220;{}&#8220;]<\/p>\n<p>Quisque velit nisi, pretium ut lacinia in, elementum id enim. Vestibulum ante ipsum primis in faucibus orci luctus et ultrices posuere cubilia Curae; Donec velit neque, auctor sit amet aliquam vel, ullamcorper sit amet ligula. Vestibulum ac diam sit amet quam vehicula elemen Quisque velit nisi, pretium ut lacinia in, elementum id enim. Vestibulum ante ipsum primis in faucibus orci luctus et ultrices posuere cubilia Curae; Donec velit neque.<\/p>\n<p>[\/et_pb_text][et_pb_button button_text=&#8220;buy now&#8220; _builder_version=&#8220;4.25.1&#8243; _module_preset=&#8220;ce1d8064-d625-4461-bc6e-0e8e68ae1cfe&#8220; global_colors_info=&#8220;{}&#8220;][\/et_pb_button][\/et_pb_column][\/et_pb_row][\/et_pb_section][et_pb_section fb_built=&#8220;1&#8243; admin_label=&#8220;My Story&#8220; _builder_version=&#8220;4.25.1&#8243; _module_preset=&#8220;default&#8220; collapsed=&#8220;on&#8220; global_colors_info=&#8220;{}&#8220;][et_pb_row column_structure=&#8220;1_2,1_2&#8243; _builder_version=&#8220;4.25.1&#8243; _module_preset=&#8220;default&#8220; global_colors_info=&#8220;{}&#8220;][et_pb_column type=&#8220;1_2&#8243; _builder_version=&#8220;4.25.1&#8243; _module_preset=&#8220;default&#8220; custom_padding=&#8220;8%||||false|false&#8220; custom_padding_tablet=&#8220;0px||||false|false&#8220; custom_padding_phone=&#8220;0px||||false|false&#8220; custom_padding_last_edited=&#8220;on|tablet&#8220; global_colors_info=&#8220;{}&#8220;][et_pb_heading title=&#8220;Moja pri\u010da&#8220; _builder_version=&#8220;4.27.4&#8243; _module_preset=&#8220;4c8341c5-1ab7-4cf1-ab75-302fc767b403&#8243; custom_margin=&#8220;||10px||false|false&#8220; locked=&#8220;off&#8220;][\/et_pb_heading][et_pb_text _builder_version=&#8220;4.27.4&#8243; _module_preset=&#8220;40476e5a-0e08-4a14-9d36-771b10311e57&#8243; locked=&#8220;off&#8220; global_colors_info=&#8220;{}&#8220;]<\/p>\n<p>.Napisati pri\u010du<\/p>\n<p>[\/et_pb_text][et_pb_button button_text=&#8220;Jo\u0161 ne\u0161to&#8220; _builder_version=&#8220;4.27.4&#8243; _module_preset=&#8220;ce1d8064-d625-4461-bc6e-0e8e68ae1cfe&#8220; locked=&#8220;off&#8220; global_colors_info=&#8220;{}&#8220;][\/et_pb_button][\/et_pb_column][et_pb_column type=&#8220;1_2&#8243; _builder_version=&#8220;4.25.1&#8243; _module_preset=&#8220;default&#8220; background_color=&#8220;gcid-8ad803f4-51cc-4920-8e20-ff572b992ddc&#8220; custom_padding=&#8220;8%|8%|8%|8%|true|true&#8220; custom_padding_tablet=&#8220;40px|30px|40px|30px|true|true&#8220; custom_padding_phone=&#8220;30px|20px|30px|20px|true|true&#8220; custom_padding_last_edited=&#8220;off|desktop&#8220; global_colors_info=&#8220;{%22gcid-8ad803f4-51cc-4920-8e20-ff572b992ddc%22:%91%22background_color%22%93}&#8220;][et_pb_image src=&#8220;http:\/\/104.edukovac.xyz\/wp-content\/uploads\/2025\/08\/1744873835170.jpg&#8220; title_text=&#8220;1744873835170&#8243; align=&#8220;center&#8220; force_fullwidth=&#8220;on&#8220; _builder_version=&#8220;4.27.4&#8243; _module_preset=&#8220;default&#8220; border_width_all=&#8220;10px&#8220; border_color_all=&#8220;#FFFFFF&#8220; box_shadow_style=&#8220;preset3&#8243; box_shadow_horizontal=&#8220;10px&#8220; box_shadow_vertical=&#8220;40px&#8220; box_shadow_blur=&#8220;40px&#8220; box_shadow_spread=&#8220;10px&#8220; box_shadow_color=&#8220;rgba(0,0,0,0.11)&#8220; locked=&#8220;off&#8220; global_colors_info=&#8220;{}&#8220;][\/et_pb_image][et_pb_heading title=&#8220;Moja Malenkost&#8220; _builder_version=&#8220;4.27.4&#8243; _module_preset=&#8220;a556e44b-1a34-46c3-87d2-723bd9292280&#8243; title_text_align=&#8220;center&#8220; custom_margin=&#8220;||0px||false|false&#8220; locked=&#8220;off&#8220; custom_margin__hover_enabled=&#8220;off|desktop&#8220;][\/et_pb_heading][et_pb_heading title=&#8220;Author&#8220; _builder_version=&#8220;4.25.1&#8243; _module_preset=&#8220;c09de743-80cd-40ba-b8fc-c691eabdf6da&#8220; title_text_align=&#8220;center&#8220; locked=&#8220;off&#8220;][\/et_pb_heading][\/et_pb_column][\/et_pb_row][\/et_pb_section][et_pb_section fb_built=&#8220;1&#8243; admin_label=&#8220;Ebooks&#8220; _builder_version=&#8220;4.25.1&#8243; _module_preset=&#8220;default&#8220; background_color=&#8220;gcid-545c17f1-4e53-478d-9e2b-03daafc524a2&#8243; locked=&#8220;off&#8220; collapsed=&#8220;on&#8220; global_colors_info=&#8220;{%22gcid-545c17f1-4e53-478d-9e2b-03daafc524a2%22:%91%22background_color%22%93}&#8220;][et_pb_row _builder_version=&#8220;4.25.1&#8243; _module_preset=&#8220;default&#8220; global_colors_info=&#8220;{}&#8220;][et_pb_column type=&#8220;4_4&#8243; _builder_version=&#8220;4.25.1&#8243; _module_preset=&#8220;default&#8220; global_colors_info=&#8220;{}&#8220;][et_pb_heading title=&#8220;Moje knjige&#8220; _builder_version=&#8220;4.27.4&#8243; _module_preset=&#8220;4c8341c5-1ab7-4cf1-ab75-302fc767b403&#8243; title_text_align=&#8220;center&#8220; custom_margin=&#8220;||10px||false|false&#8220; locked=&#8220;off&#8220;][\/et_pb_heading][\/et_pb_column][\/et_pb_row][et_pb_row column_structure=&#8220;1_6,1_6,1_6,1_6,1_6,1_6&#8243; _builder_version=&#8220;4.25.1&#8243; _module_preset=&#8220;default&#8220; max_width=&#8220;none&#8220; locked=&#8220;off&#8220; global_colors_info=&#8220;{}&#8220;][et_pb_column type=&#8220;1_6&#8243; _builder_version=&#8220;4.25.1&#8243; _module_preset=&#8220;default&#8220; global_colors_info=&#8220;{}&#8220;][et_pb_image src=&#8220;http:\/\/104.edukovac.xyz\/wp-content\/uploads\/2025\/08\/IMG_20241119_122811-scaled.jpg&#8220; title_text=&#8220;IMG_20241119_122811&#8243; url=&#8220;#&#8220; _builder_version=&#8220;4.27.4&#8243; _module_preset=&#8220;default&#8220; custom_padding=&#8220;10%|10%|10%|10%|true|true&#8220; box_shadow_style=&#8220;preset3&#8243; box_shadow_horizontal=&#8220;10px&#8220; box_shadow_vertical=&#8220;40px&#8220; box_shadow_blur=&#8220;40px&#8220; box_shadow_spread=&#8220;10px&#8220; box_shadow_color=&#8220;rgba(0,0,0,0.11)&#8220; locked=&#8220;off&#8220; global_colors_info=&#8220;{}&#8220; box_shadow_color__hover_enabled=&#8220;on|hover&#8220; box_shadow_color__hover=&#8220;RGBA(255,255,255,0)&#8220; transform_styles__hover_enabled=&#8220;on|hover&#8220; transform_scale__hover_enabled=&#8220;on|hover&#8220; transform_translate__hover_enabled=&#8220;on|hover&#8220; transform_rotate__hover_enabled=&#8220;on|hover&#8220; transform_skew__hover_enabled=&#8220;on|hover&#8220; transform_origin__hover_enabled=&#8220;on|hover&#8220; transform_scale__hover=&#8220;99%|99%&#8220;][\/et_pb_image][\/et_pb_column][et_pb_column type=&#8220;1_6&#8243; _builder_version=&#8220;4.25.1&#8243; _module_preset=&#8220;default&#8220; global_colors_info=&#8220;{}&#8220;][et_pb_image src=&#8220;http:\/\/104.edukovac.xyz\/wp-content\/uploads\/2025\/08\/IMG-8e4f8686f34a88480d98de3b53170e9b-V.jpg&#8220; title_text=&#8220;IMG-8e4f8686f34a88480d98de3b53170e9b-V&#8220; _builder_version=&#8220;4.27.4&#8243; _module_preset=&#8220;default&#8220; custom_padding=&#8220;10%|10%|10%|10%|true|true&#8220; box_shadow_style=&#8220;preset3&#8243; box_shadow_horizontal=&#8220;10px&#8220; box_shadow_vertical=&#8220;40px&#8220; box_shadow_blur=&#8220;40px&#8220; box_shadow_spread=&#8220;10px&#8220; box_shadow_color=&#8220;rgba(0,0,0,0.11)&#8220; global_colors_info=&#8220;{}&#8220; box_shadow_color__hover=&#8220;RGBA(255,255,255,0)&#8220; box_shadow_color__hover_enabled=&#8220;on|hover&#8220; transform_styles__hover_enabled=&#8220;on|hover&#8220; transform_scale__hover=&#8220;99%|99%&#8220; transform_scale__hover_enabled=&#8220;on|hover&#8220; transform_translate__hover_enabled=&#8220;on|hover&#8220; transform_rotate__hover_enabled=&#8220;on|hover&#8220; transform_skew__hover_enabled=&#8220;on|hover&#8220; transform_origin__hover_enabled=&#8220;on|hover&#8220;][\/et_pb_image][\/et_pb_column][et_pb_column type=&#8220;1_6&#8243; _builder_version=&#8220;4.25.1&#8243; _module_preset=&#8220;default&#8220; global_colors_info=&#8220;{}&#8220;][\/et_pb_column][et_pb_column type=&#8220;1_6&#8243; _builder_version=&#8220;4.25.1&#8243; _module_preset=&#8220;default&#8220; global_colors_info=&#8220;{}&#8220;][\/et_pb_column][et_pb_column type=&#8220;1_6&#8243; _builder_version=&#8220;4.25.1&#8243; _module_preset=&#8220;default&#8220; global_colors_info=&#8220;{}&#8220;][\/et_pb_column][et_pb_column type=&#8220;1_6&#8243; _builder_version=&#8220;4.25.1&#8243; _module_preset=&#8220;default&#8220; global_colors_info=&#8220;{}&#8220;][\/et_pb_column][\/et_pb_row][et_pb_row _builder_version=&#8220;4.25.1&#8243; _module_preset=&#8220;default&#8220; global_colors_info=&#8220;{}&#8220;][et_pb_column type=&#8220;4_4&#8243; _builder_version=&#8220;4.25.1&#8243; _module_preset=&#8220;default&#8220; global_colors_info=&#8220;{}&#8220;][et_pb_button button_text=&#8220;Shop Online&#8220; button_alignment=&#8220;center&#8220; _builder_version=&#8220;4.25.1&#8243; _module_preset=&#8220;621e3c98-5ce2-4cc8-a122-336fc6fbd179&#8243; global_colors_info=&#8220;{}&#8220;][\/et_pb_button][\/et_pb_column][\/et_pb_row][\/et_pb_section][et_pb_section fb_built=&#8220;1&#8243; admin_label=&#8220;Testimonial&#8220; _builder_version=&#8220;4.27.4&#8243; _module_preset=&#8220;default&#8220; background_color=&#8220;#8F8F8F&#8220; use_background_color_gradient=&#8220;on&#8220; background_color_gradient_stops=&#8220;#2b87da 73%|#29c4a9 100%&#8220; background_image=&#8220;http:\/\/104.edukovac.xyz\/wp-content\/uploads\/2025\/08\/cropped-ChatGPT-Image-1.-\u043c\u0430\u0458-2025.-14_52_44.png&#8220; animation_style=&#8220;slide&#8220; box_shadow_style=&#8220;preset1&#8243; box_shadow_color=&#8220;#D6D6D6&#8243; locked=&#8220;off&#8220; collapsed=&#8220;on&#8220; global_colors_info=&#8220;{}&#8220;][et_pb_row _builder_version=&#8220;4.25.1&#8243; _module_preset=&#8220;default&#8220; locked=&#8220;off&#8220; global_colors_info=&#8220;{}&#8220;][et_pb_column type=&#8220;4_4&#8243; _builder_version=&#8220;4.25.1&#8243; _module_preset=&#8220;default&#8220; custom_padding=&#8220;40px|40px|40px|40px|true|true&#8220; custom_padding_tablet=&#8220;30px|30px|30px|30px|true|true&#8220; custom_padding_phone=&#8220;20px|20px|20px|20px|true|true&#8220; custom_padding_last_edited=&#8220;on|phone&#8220; border_width_all=&#8220;2px&#8220; border_color_all=&#8220;#FFFFFF&#8220; global_colors_info=&#8220;{}&#8220;][et_pb_heading title=&#8220;Na ovom svetu najve\u0107u slobodu do\u017eivljavamo rade\u0107i ono \u0161to volimo .&#8220; _builder_version=&#8220;4.27.4&#8243; _module_preset=&#8220;a556e44b-1a34-46c3-87d2-723bd9292280&#8243; title_font=&#8220;||||||||&#8220; title_text_align=&#8220;center&#8220; title_text_color=&#8220;#FFFFFF&#8220; locked=&#8220;off&#8220;][\/et_pb_heading][\/et_pb_column][\/et_pb_row][\/et_pb_section][et_pb_section fb_built=&#8220;1&#8243; admin_label=&#8220;Events&#8220; _builder_version=&#8220;4.25.1&#8243; _module_preset=&#8220;default&#8220; locked=&#8220;off&#8220; collapsed=&#8220;on&#8220; global_colors_info=&#8220;{}&#8220;][et_pb_row _builder_version=&#8220;4.25.1&#8243; _module_preset=&#8220;default&#8220; locked=&#8220;off&#8220; global_colors_info=&#8220;{}&#8220;][et_pb_column type=&#8220;4_4&#8243; _builder_version=&#8220;4.25.1&#8243; _module_preset=&#8220;default&#8220; global_colors_info=&#8220;{}&#8220;][et_pb_heading title=&#8220; Do\u0111ite u svet Rabo\u0161a vremena&#8220; _builder_version=&#8220;4.27.4&#8243; _module_preset=&#8220;4c8341c5-1ab7-4cf1-ab75-302fc767b403&#8243; title_text_align=&#8220;center&#8220; custom_margin=&#8220;||10px||false|false&#8220; locked=&#8220;off&#8220;][\/et_pb_heading][\/et_pb_column][\/et_pb_row][et_pb_row column_structure=&#8220;1_3,2_3&#8243; custom_padding_last_edited=&#8220;on|phone&#8220; _builder_version=&#8220;4.25.1&#8243; _module_preset=&#8220;default&#8220; custom_margin=&#8220;||40px||false|false&#8220; custom_margin_tablet=&#8220;||30px||false|false&#8220; custom_margin_phone=&#8220;||20px||false|false&#8220; custom_margin_last_edited=&#8220;on|phone&#8220; custom_padding=&#8220;30px|30px|30px|30px|true|true&#8220; custom_padding_tablet=&#8220;30px|30px|30px|30px|true|true&#8220; custom_padding_phone=&#8220;20px|20px|20px|20px|true|true&#8220; border_width_all=&#8220;2px&#8220; border_color_all=&#8220;rgba(0,0,0,0.12)&#8220; global_colors_info=&#8220;{}&#8220;][et_pb_column type=&#8220;1_3&#8243; _builder_version=&#8220;4.25.1&#8243; _module_preset=&#8220;default&#8220; global_colors_info=&#8220;{}&#8220;][et_pb_heading title=&#8220;maj 2025&#8243; _builder_version=&#8220;4.27.4&#8243; _module_preset=&#8220;ee3f6f71-27f8-46c4-bbd0-9d831ff3988a&#8220; title_text_color=&#8220;gcid-880c38f1-a6fc-40a7-920b-f6027d5f269c&#8220; custom_margin=&#8220;||0px||false|false&#8220; locked=&#8220;off&#8220; global_colors_info=&#8220;{%22gcid-880c38f1-a6fc-40a7-920b-f6027d5f269c%22:%91%22title_text_color%22%93}&#8220;][\/et_pb_heading][et_pb_text _builder_version=&#8220;4.27.4&#8243; _module_preset=&#8220;40476e5a-0e08-4a14-9d36-771b10311e57&#8243; global_colors_info=&#8220;{}&#8220;]<\/p>\n<p>&nbsp;<\/p>\n<p>Ukradeno vreme<\/p>\n<p>[\/et_pb_text][\/et_pb_column][et_pb_column type=&#8220;2_3&#8243; _builder_version=&#8220;4.25.1&#8243; _module_preset=&#8220;default&#8220; global_colors_info=&#8220;{}&#8220;][et_pb_heading title=&#8220;Live Reading&#8220; _builder_version=&#8220;4.25.1&#8243; _module_preset=&#8220;ee3f6f71-27f8-46c4-bbd0-9d831ff3988a&#8220; custom_margin=&#8220;||0px||false|false&#8220; locked=&#8220;off&#8220;][\/et_pb_heading][et_pb_text _builder_version=&#8220;4.27.4&#8243; _module_preset=&#8220;40476e5a-0e08-4a14-9d36-771b10311e57&#8243; global_colors_info=&#8220;{}&#8220;]<\/p>\n<p>Tema sinopsis<\/p>\n<p>[\/et_pb_text][et_pb_button button_text=&#8220;Poru\u010di knjigu&#8220; _builder_version=&#8220;4.27.4&#8243; _module_preset=&#8220;621e3c98-5ce2-4cc8-a122-336fc6fbd179&#8243; locked=&#8220;off&#8220; global_colors_info=&#8220;{}&#8220;][\/et_pb_button][\/et_pb_column][\/et_pb_row][et_pb_row column_structure=&#8220;1_3,2_3&#8243; custom_padding_last_edited=&#8220;on|phone&#8220; _builder_version=&#8220;4.25.1&#8243; _module_preset=&#8220;default&#8220; custom_margin=&#8220;||40px||false|false&#8220; custom_margin_tablet=&#8220;||30px||false|false&#8220; custom_margin_phone=&#8220;||20px||false|false&#8220; custom_margin_last_edited=&#8220;on|phone&#8220; custom_padding=&#8220;30px|30px|30px|30px|true|true&#8220; custom_padding_tablet=&#8220;30px|30px|30px|30px|true|true&#8220; custom_padding_phone=&#8220;20px|20px|20px|20px|true|true&#8220; border_width_all=&#8220;2px&#8220; border_color_all=&#8220;rgba(0,0,0,0.12)&#8220; global_colors_info=&#8220;{}&#8220;][et_pb_column type=&#8220;1_3&#8243; _builder_version=&#8220;4.25.1&#8243; _module_preset=&#8220;default&#8220; global_colors_info=&#8220;{}&#8220;][et_pb_heading title=&#8220;avgust 2025&#8243; _builder_version=&#8220;4.27.4&#8243; _module_preset=&#8220;ee3f6f71-27f8-46c4-bbd0-9d831ff3988a&#8220; title_text_color=&#8220;gcid-880c38f1-a6fc-40a7-920b-f6027d5f269c&#8220; custom_margin=&#8220;||0px||false|false&#8220; locked=&#8220;off&#8220; global_colors_info=&#8220;{%22gcid-880c38f1-a6fc-40a7-920b-f6027d5f269c%22:%91%22title_text_color%22%93}&#8220;][\/et_pb_heading][et_pb_text _builder_version=&#8220;4.27.4&#8243; _module_preset=&#8220;40476e5a-0e08-4a14-9d36-771b10311e57&#8243; locked=&#8220;off&#8220; global_colors_info=&#8220;{}&#8220;]<\/p>\n<p>Koreni nemira<\/p>\n<p>[\/et_pb_text][\/et_pb_column][et_pb_column type=&#8220;2_3&#8243; _builder_version=&#8220;4.25.1&#8243; _module_preset=&#8220;default&#8220; global_colors_info=&#8220;{}&#8220;][et_pb_heading title=&#8220;Book Signing&#8220; _builder_version=&#8220;4.25.1&#8243; _module_preset=&#8220;ee3f6f71-27f8-46c4-bbd0-9d831ff3988a&#8220; custom_margin=&#8220;||0px||false|false&#8220; locked=&#8220;off&#8220;][\/et_pb_heading][et_pb_text _builder_version=&#8220;4.27.4&#8243; _module_preset=&#8220;40476e5a-0e08-4a14-9d36-771b10311e57&#8243; global_colors_info=&#8220;{}&#8220;]<\/p>\n<p>Sinopsis<\/p>\n<p>[\/et_pb_text][et_pb_button button_text=&#8220;Get Ticket&#8220; _builder_version=&#8220;4.25.1&#8243; _module_preset=&#8220;621e3c98-5ce2-4cc8-a122-336fc6fbd179&#8243; locked=&#8220;off&#8220; global_colors_info=&#8220;{}&#8220;][\/et_pb_button][\/et_pb_column][\/et_pb_row][\/et_pb_section][et_pb_section fb_built=&#8220;1&#8243; admin_label=&#8220;Footer&#8220; _builder_version=&#8220;4.25.1&#8243; _module_preset=&#8220;default&#8220; background_color=&#8220;gcid-530baf18-6aca-4d61-8496-2c5df0e0a0ca&#8220; saved_tabs=&#8220;all&#8220; locked=&#8220;off&#8220; collapsed=&#8220;on&#8220; global_colors_info=&#8220;{%22gcid-530baf18-6aca-4d61-8496-2c5df0e0a0ca%22:%91%22background_color%22%93}&#8220;][et_pb_row _builder_version=&#8220;4.25.1&#8243; _module_preset=&#8220;default&#8220; max_width=&#8220;680px&#8220; module_alignment=&#8220;center&#8220; global_colors_info=&#8220;{}&#8220;][et_pb_column type=&#8220;4_4&#8243; _builder_version=&#8220;4.25.1&#8243; _module_preset=&#8220;default&#8220; global_colors_info=&#8220;{}&#8220;][et_pb_image src=&#8220;http:\/\/104.edukovac.xyz\/wp-content\/uploads\/2025\/08\/1744873835170.jpg&#8220; title_text=&#8220;1744873835170&#8243; _builder_version=&#8220;4.27.4&#8243; _module_preset=&#8220;default&#8220; max_width=&#8220;100px&#8220; max_width_last_edited=&#8220;off|desktop&#8220; module_alignment=&#8220;center&#8220; max_height=&#8220;100px&#8220; filter_saturate=&#8220;0%&#8220; locked=&#8220;off&#8220; global_colors_info=&#8220;{}&#8220;][\/et_pb_image][et_pb_heading title=&#8220;Rada Milanovi\u0107&#8220; _builder_version=&#8220;4.27.4&#8243; _module_preset=&#8220;4c8341c5-1ab7-4cf1-ab75-302fc767b403&#8243; title_text_align=&#8220;center&#8220; title_text_color=&#8220;#FFFFFF&#8220; custom_margin=&#8220;||10px||false|false&#8220; locked=&#8220;off&#8220;][\/et_pb_heading][et_pb_text _builder_version=&#8220;4.27.4&#8243; _module_preset=&#8220;738aff76-3713-44a5-a9ae-e47722b46251&#8243; text_text_color=&#8220;gcid-834db33f-400f-4068-917d-2de62be3172e&#8220; link_text_color=&#8220;#8800ff&#8220; text_orientation=&#8220;center&#8220; global_colors_info=&#8220;{%22gcid-secondary-color%22:%91%22link_text_color%22,%22link_text_color%22,%22link_text_color%22,%22link_text_color%22,%22link_text_color%22%93,%22gcid-834db33f-400f-4068-917d-2de62be3172e%22:%91%22text_text_color%22%93}&#8220;]<\/p>\n<p>citat<\/p>\n<p>[\/et_pb_text][et_pb_button button_text=&#8220;Moje knjige&#8220; button_alignment=&#8220;center&#8220; _builder_version=&#8220;4.27.4&#8243; _module_preset=&#8220;2cd63004-ea0d-428b-9f52-3b543096fc90&#8243; locked=&#8220;off&#8220; global_colors_info=&#8220;{}&#8220;][\/et_pb_button][et_pb_social_media_follow icon_color=&#8220;gcid-880c38f1-a6fc-40a7-920b-f6027d5f269c&#8220; _builder_version=&#8220;4.25.1&#8243; _module_preset=&#8220;default&#8220; text_orientation=&#8220;center&#8220; global_colors_info=&#8220;{%22gcid-880c38f1-a6fc-40a7-920b-f6027d5f269c%22:%91%22icon_color%22%93}&#8220;][et_pb_social_media_follow_network social_network=&#8220;facebook&#8220; _builder_version=&#8220;4.25.1&#8243; _module_preset=&#8220;default&#8220; global_colors_info=&#8220;{}&#8220; follow_button=&#8220;off&#8220; url_new_window=&#8220;on&#8220;]facebook[\/et_pb_social_media_follow_network][et_pb_social_media_follow_network social_network=&#8220;instagram&#8220; _builder_version=&#8220;4.25.1&#8243; _module_preset=&#8220;default&#8220; global_colors_info=&#8220;{}&#8220; follow_button=&#8220;off&#8220; url_new_window=&#8220;on&#8220;]instagram[\/et_pb_social_media_follow_network][et_pb_social_media_follow_network social_network=&#8220;linkedin&#8220; _builder_version=&#8220;4.25.1&#8243; _module_preset=&#8220;default&#8220; global_colors_info=&#8220;{}&#8220; follow_button=&#8220;off&#8220; url_new_window=&#8220;on&#8220;]linkedin[\/et_pb_social_media_follow_network][\/et_pb_social_media_follow][\/et_pb_column][\/et_pb_row][et_pb_row _builder_version=&#8220;4.25.1&#8243; _module_preset=&#8220;default&#8220; global_colors_info=&#8220;{}&#8220;][et_pb_column type=&#8220;4_4&#8243; _builder_version=&#8220;4.25.1&#8243; _module_preset=&#8220;default&#8220; global_colors_info=&#8220;{}&#8220;][et_pb_text _builder_version=&#8220;4.25.1&#8243; _dynamic_attributes=&#8220;content&#8220; _module_preset=&#8220;738aff76-3713-44a5-a9ae-e47722b46251&#8243; text_text_color=&#8220;rgba(255,255,255,0.5)&#8220; link_text_color=&#8220;#8800ff&#8220; text_orientation=&#8220;center&#8220; global_colors_info=&#8220;{}&#8220;]@ET-DC@eyJkeW5hbWljIjp0cnVlLCJjb250ZW50IjoiY3VycmVudF9kYXRlIiwic2V0dGluZ3MiOnsiYmVmb3JlIjoiQ29weXJpZ2h0ICZjb3B5OyAiLCJhZnRlciI6IiBEaXZpLiBBbGwgUmlnaHRzIFJlc2VydmVkLiIsImRhdGVfZm9ybWF0IjoiY3VzdG9tIiwiY3VzdG9tX2RhdGVfZm9ybWF0IjoiWSJ9fQ==@[\/et_pb_text][\/et_pb_column][\/et_pb_row][\/et_pb_section]<\/p>\n","protected":false},"excerpt":{"rendered":"<p>Quisque velit nisi, pretium ut lacinia in, elementum id enim. Vestibulum ante ipsum primis in faucibus orci luctus et ultrices posuere cubilia Curae; Donec velit neque, auctor sit amet aliquam vel, ullamcorper sit amet ligula. Vestibulum ac diam sit amet quam vehicula elemen Quisque velit nisi, pretium ut lacinia in, elementum id enim. Vestibulum ante [&hellip;]<\/p>\n","protected":false},"author":1,"featured_media":0,"parent":0,"menu_order":0,"comment_status":"closed","ping_status":"closed","template":"","meta":{"_et_pb_use_builder":"on","_et_pb_old_content":"","_et_gb_content_width":"","footnotes":""},"class_list":["post-531","page","type-page","status-publish","hentry"],"_links":{"self":[{"href":"https:\/\/104.edukovac.xyz\/index.php\/wp-json\/wp\/v2\/pages\/531","targetHints":{"allow":["GET"]}}],"collection":[{"href":"https:\/\/104.edukovac.xyz\/index.php\/wp-json\/wp\/v2\/pages"}],"about":[{"href":"https:\/\/104.edukovac.xyz\/index.php\/wp-json\/wp\/v2\/types\/page"}],"author":[{"embeddable":true,"href":"https:\/\/104.edukovac.xyz\/index.php\/wp-json\/wp\/v2\/users\/1"}],"replies":[{"embeddable":true,"href":"https:\/\/104.edukovac.xyz\/index.php\/wp-json\/wp\/v2\/comments?post=531"}],"version-history":[{"count":7,"href":"https:\/\/104.edukovac.xyz\/index.php\/wp-json\/wp\/v2\/pages\/531\/revisions"}],"predecessor-version":[{"id":637,"href":"https:\/\/104.edukovac.xyz\/index.php\/wp-json\/wp\/v2\/pages\/531\/revisions\/637"}],"wp:attachment":[{"href":"https:\/\/104.edukovac.xyz\/index.php\/wp-json\/wp\/v2\/media?parent=531"}],"curies":[{"name":"wp","href":"https:\/\/api.w.org\/{rel}","templated":true}]}}